{"id":36042,"date":"2024-04-18T05:40:44","date_gmt":"2024-09-02T13:39:55","guid":{"rendered":"https:\/\/staging.nbg.eu\/product\/blue-force-gear-vickers-sling-1-25\/"},"modified":"2024-09-13T09:17:45","modified_gmt":"2024-09-13T09:17:45","slug":"blue-force-gear-vickers-sling-125","status":"publish","type":"product","link":"https:\/\/staging.nbg.eu\/no\/produkt\/blue-force-gear-vickers-sling-125\/","title":{"rendered":"Blue Force Gear Vickers Sling, 1.25&#8243;"},"content":{"rendered":"<div class=\"product-description\">\n<h2>Blue Force Gear Vickers Rem, 1,25&#8243;<\/h2>\n<p>Vickers Combat Applications Sling\u2122 er en patentert taktisk rem, utviklet i samarbeid med Larry Vickers, tidligere medlem av 1st SFOD-Delta og forfatter av Vickers Guide.<\/p>\n<ul>\n<li>Justerbar design for raske overganger<\/li>\n<li>1,25&#8243; bredde for vektfordeling<\/li>\n<li>Brukt av amerikanske milit\u00e6rstyrker<\/li>\n<li>Slitesterk konstruksjon<\/li>\n<\/ul>\n<p>Denne remmen er designet for \u00e5 forbedre rifelh\u00e5ndtering og mobilitet. Den er egnet for b\u00e5de profesjonelle operat\u00f8rer og dedikerte entusiaster.<\/p>\n<\/div>\n","protected":false},"excerpt":{"rendered":"<p>Taktisk slynge av Larry Vickers. Hurtigjusterbar, av milit\u00e6r kvalitet.<\/p>\n","protected":false},"featured_media":36043,"template":"","meta":{"_acf_changed":false},"product_brand":[11136],"product_cat":[13274,13278],"product_tag":[],"class_list":{"0":"post-36042","1":"product","2":"type-product","3":"status-publish","4":"has-post-thumbnail","6":"product_brand-blue-force-gear","7":"product_cat-baereremmer","8":"product_cat-utstyr","10":"first","11":"instock","12":"taxable","13":"shipping-taxable","14":"purchasable","15":"product-type-variable","16":"wvs-archive-product-wrapper"},"acf":[],"_links":{"self":[{"href":"https:\/\/staging.nbg.eu\/no\/wp-json\/wp\/v2\/product\/36042","targetHints":{"allow":["GET"]}}],"collection":[{"href":"https:\/\/staging.nbg.eu\/no\/wp-json\/wp\/v2\/product"}],"about":[{"href":"https:\/\/staging.nbg.eu\/no\/wp-json\/wp\/v2\/types\/product"}],"wp:featuredmedia":[{"embeddable":true,"href":"https:\/\/staging.nbg.eu\/no\/wp-json\/wp\/v2\/media\/36043"}],"wp:attachment":[{"href":"https:\/\/staging.nbg.eu\/no\/wp-json\/wp\/v2\/media?parent=36042"}],"wp:term":[{"taxonomy":"product_brand","embeddable":true,"href":"https:\/\/staging.nbg.eu\/no\/wp-json\/wp\/v2\/product_brand?post=36042"},{"taxonomy":"product_cat","embeddable":true,"href":"https:\/\/staging.nbg.eu\/no\/wp-json\/wp\/v2\/product_cat?post=36042"},{"taxonomy":"product_tag","embeddable":true,"href":"https:\/\/staging.nbg.eu\/no\/wp-json\/wp\/v2\/product_tag?post=36042"}],"curies":[{"name":"wp","href":"https:\/\/api.w.org\/{rel}","templated":true}]}}