{"id":33738,"date":"2024-07-30T19:33:04","date_gmt":"2024-08-27T13:14:27","guid":{"rendered":"https:\/\/staging.nbg.eu\/product\/mag-now-single-pistol-pouch-bullets-flat\/"},"modified":"2024-08-27T13:15:35","modified_gmt":"2024-08-27T13:15:35","slug":"mag-now-enkel-pistolmagasinlomme-kuler-flat","status":"publish","type":"product","link":"https:\/\/staging.nbg.eu\/no\/produkt\/mag-now-enkel-pistolmagasinlomme-kuler-flat\/","title":{"rendered":"MAG NOW! ENKEL PISTOLMAGASINLOMME (KULER FLAT)"},"content":{"rendered":"<p>\n<strong>MAG NOW! ENKELT PISTOLMAGASINLOMME (PATRONER FLATT)<\/strong> fra Blue Force Gear er en allsidig og holdbar l\u00f8sning for \u00e5 b\u00e6re pistolmagasinet ditt. Den har f\u00f8lgende egenskaper:<\/p>\n<ul>\n<li>Lavprofil design for diskret b\u00e6ring<\/li>\n<li>Sikker fastholdelse med hurtigfrigj\u00f8ringsfunksjon<\/li>\n<li>Kompatibel med de fleste dobbeltradede pistolmagasiner<\/li>\n<li>Lett ULTRAcomp-konstruksjon<\/li>\n<li>MOLLE\/PALS-kompatibel<\/li>\n<li>Tilgjengelig i flere farger<\/li>\n<\/ul>\n<p>Perfekt for milit\u00e6rt, politibruk og sivilt bruk, denne lommen gir rask tilgang og p\u00e5litelig ytelse i enhver situasjon. Oppgrader utstyret ditt med Blue Force Gears innovative design.<\/p>\n","protected":false},"excerpt":{"rendered":"<p>Slank, sikker pistomagasinlomme. Flate kuler. Design for rask tilgang.<\/p>\n","protected":false},"featured_media":33739,"template":"","meta":{"_acf_changed":false},"product_brand":[11136],"product_cat":[13269,13278],"product_tag":[],"class_list":{"0":"post-33738","1":"product","2":"type-product","3":"status-publish","4":"has-post-thumbnail","6":"product_brand-blue-force-gear","7":"product_cat-lommer","8":"product_cat-utstyr","10":"first","11":"instock","12":"taxable","13":"shipping-taxable","14":"purchasable","15":"product-type-variable","16":"wvs-archive-product-wrapper"},"acf":[],"_links":{"self":[{"href":"https:\/\/staging.nbg.eu\/no\/wp-json\/wp\/v2\/product\/33738","targetHints":{"allow":["GET"]}}],"collection":[{"href":"https:\/\/staging.nbg.eu\/no\/wp-json\/wp\/v2\/product"}],"about":[{"href":"https:\/\/staging.nbg.eu\/no\/wp-json\/wp\/v2\/types\/product"}],"wp:featuredmedia":[{"embeddable":true,"href":"https:\/\/staging.nbg.eu\/no\/wp-json\/wp\/v2\/media\/33739"}],"wp:attachment":[{"href":"https:\/\/staging.nbg.eu\/no\/wp-json\/wp\/v2\/media?parent=33738"}],"wp:term":[{"taxonomy":"product_brand","embeddable":true,"href":"https:\/\/staging.nbg.eu\/no\/wp-json\/wp\/v2\/product_brand?post=33738"},{"taxonomy":"product_cat","embeddable":true,"href":"https:\/\/staging.nbg.eu\/no\/wp-json\/wp\/v2\/product_cat?post=33738"},{"taxonomy":"product_tag","embeddable":true,"href":"https:\/\/staging.nbg.eu\/no\/wp-json\/wp\/v2\/product_tag?post=33738"}],"curies":[{"name":"wp","href":"https:\/\/api.w.org\/{rel}","templated":true}]}}