{"id":33304,"date":"2024-01-30T18:06:01","date_gmt":"2024-08-27T12:55:33","guid":{"rendered":"https:\/\/staging.nbg.eu\/product\/plate6-molleminus-plate-carrier\/"},"modified":"2024-08-27T12:56:48","modified_gmt":"2024-08-27T12:56:48","slug":"plate6-molleminus-platebaerer","status":"publish","type":"product","link":"https:\/\/staging.nbg.eu\/no\/produkt\/plate6-molleminus-platebaerer\/","title":{"rendered":"PLATE6\u00ae MOLLEminus Plateb\u00e6rer"},"content":{"rendered":"<p>\nPLATE6\u00ae MOLLEminus plateb\u00e6rer fra BlueForceGear er en lett, lavprofil-l\u00f8sning for taktiske operat\u00f8rer. Den har f\u00f8lgende egenskaper:<\/p>\n<ul>\n<li>Propriet\u00e6r ULTRAcomp\u00ae laminatkonstruksjon<\/li>\n<li>Innovativt MOLLEminus festesystem<\/li>\n<li>Justerbare skulderstropper og midjebelte<\/li>\n<li>Kompatibel med SAPI\/ESAPI-plater opptil 25,4&#215;30,5 cm<\/li>\n<li>Hurtigutl\u00f8sersystem for rask avtagning<\/li>\n<li>Laserkuttede ventilasjonsporter for forbedret pusteevne<\/li>\n<li>Tilgjengelig i flere farger<\/li>\n<\/ul>\n<p>PLATE6\u00ae er designet for maksimal bevegelighet og minimal vekt, og tilbyr overlegen beskyttelse uten \u00e5 g\u00e5 p\u00e5 bekostning av smidighet. Perfekt for milit\u00e6rt personell, politifolk og sikkerhetspersonell som krever det beste innen taktisk utstyr.<\/p>\n","protected":false},"excerpt":{"rendered":"<p>Ultralett, lavprofils plateb\u00e6rer. Tilpasningsdyktig, komfortabel, slitesterk.<\/p>\n","protected":false},"featured_media":33308,"template":"","meta":{"_acf_changed":false},"product_brand":[11136],"product_cat":[13293,13278],"product_tag":[],"class_list":{"0":"post-33304","1":"product","2":"type-product","3":"status-publish","4":"has-post-thumbnail","6":"product_brand-blue-force-gear","7":"product_cat-platebaerere","8":"product_cat-utstyr","10":"first","11":"instock","12":"taxable","13":"shipping-taxable","14":"purchasable","15":"product-type-variable","16":"wvs-archive-product-wrapper"},"acf":[],"_links":{"self":[{"href":"https:\/\/staging.nbg.eu\/no\/wp-json\/wp\/v2\/product\/33304","targetHints":{"allow":["GET"]}}],"collection":[{"href":"https:\/\/staging.nbg.eu\/no\/wp-json\/wp\/v2\/product"}],"about":[{"href":"https:\/\/staging.nbg.eu\/no\/wp-json\/wp\/v2\/types\/product"}],"wp:featuredmedia":[{"embeddable":true,"href":"https:\/\/staging.nbg.eu\/no\/wp-json\/wp\/v2\/media\/33308"}],"wp:attachment":[{"href":"https:\/\/staging.nbg.eu\/no\/wp-json\/wp\/v2\/media?parent=33304"}],"wp:term":[{"taxonomy":"product_brand","embeddable":true,"href":"https:\/\/staging.nbg.eu\/no\/wp-json\/wp\/v2\/product_brand?post=33304"},{"taxonomy":"product_cat","embeddable":true,"href":"https:\/\/staging.nbg.eu\/no\/wp-json\/wp\/v2\/product_cat?post=33304"},{"taxonomy":"product_tag","embeddable":true,"href":"https:\/\/staging.nbg.eu\/no\/wp-json\/wp\/v2\/product_tag?post=33304"}],"curies":[{"name":"wp","href":"https:\/\/api.w.org\/{rel}","templated":true}]}}