{"id":31628,"date":"2024-08-18T19:30:03","date_gmt":"2024-08-24T13:46:46","guid":{"rendered":"https:\/\/staging.nbg.eu\/product\/daa-22x22mm-target-patches\/"},"modified":"2024-09-10T07:36:09","modified_gmt":"2024-09-10T07:36:09","slug":"daa-22x22mm-malskiver","status":"publish","type":"product","link":"https:\/\/staging.nbg.eu\/no\/produkt\/daa-22x22mm-malskiver\/","title":{"rendered":"Daa 22X22Mm M\u00e5lskiver"},"content":{"rendered":"<div class=\"product-description\">\n<h2>DAA 22x22mm M\u00e5lmerker<\/h2>\n<p>Forbedre skytteropplevelsen din med DAAs spesialtilpassede m\u00e5lmerker, designet for \u00e5 passe perfekt med vanlige pappskiver.<\/p>\n<ul>\n<li>Fargetilpasset for nesten usynlig p\u00e5f\u00f8ring p\u00e5 vanlige skiver<\/li>\n<li>Unik 22x22mm firkantet design for st\u00f8rre dekning<\/li>\n<li>Enklere og raskere \u00e5 p\u00e5f\u00f8re enn standard runde merker<\/li>\n<li>1000 merker per rull, 10 ruller per pakke<\/li>\n<\/ul>\n<p>Disse premium merkene gir overlegen dekning og effektivitet sammenlignet med standard 20mm runde merker. Den firkantede formen tillater raskere p\u00e5f\u00f8ring uten behov for presis sikting. Enten du er en profesjonell eller fritidsskytter, gir DAA m\u00e5lmerker en s\u00f8ml\u00f8s l\u00f8sning for \u00e5 forlenge levetiden p\u00e5 skivene dine under alle v\u00e6rforhold.<\/p>\n<\/div>\n","protected":false},"excerpt":{"rendered":"<p>V\u00e6rbestandige 22x22mm m\u00e5lskiver. 1000\/rull, 10 ruller\/pakke.<\/p>\n","protected":false},"featured_media":29106,"template":"","meta":{"_acf_changed":false},"product_brand":[],"product_cat":[13284,13276,13309],"product_tag":[],"class_list":{"0":"post-31628","1":"product","2":"type-product","3":"status-publish","4":"has-post-thumbnail","6":"product_cat-papirmal","7":"product_cat-patches-patchguns","8":"product_cat-skyteskiver","10":"first","11":"instock","12":"taxable","13":"shipping-taxable","14":"purchasable","15":"product-type-variable","16":"wvs-archive-product-wrapper"},"acf":[],"_links":{"self":[{"href":"https:\/\/staging.nbg.eu\/no\/wp-json\/wp\/v2\/product\/31628","targetHints":{"allow":["GET"]}}],"collection":[{"href":"https:\/\/staging.nbg.eu\/no\/wp-json\/wp\/v2\/product"}],"about":[{"href":"https:\/\/staging.nbg.eu\/no\/wp-json\/wp\/v2\/types\/product"}],"wp:featuredmedia":[{"embeddable":true,"href":"https:\/\/staging.nbg.eu\/no\/wp-json\/wp\/v2\/media\/29106"}],"wp:attachment":[{"href":"https:\/\/staging.nbg.eu\/no\/wp-json\/wp\/v2\/media?parent=31628"}],"wp:term":[{"taxonomy":"product_brand","embeddable":true,"href":"https:\/\/staging.nbg.eu\/no\/wp-json\/wp\/v2\/product_brand?post=31628"},{"taxonomy":"product_cat","embeddable":true,"href":"https:\/\/staging.nbg.eu\/no\/wp-json\/wp\/v2\/product_cat?post=31628"},{"taxonomy":"product_tag","embeddable":true,"href":"https:\/\/staging.nbg.eu\/no\/wp-json\/wp\/v2\/product_tag?post=31628"}],"curies":[{"name":"wp","href":"https:\/\/api.w.org\/{rel}","templated":true}]}}