{"id":31555,"date":"2024-08-18T19:35:37","date_gmt":"2024-08-24T13:44:35","guid":{"rendered":"https:\/\/staging.nbg.eu\/product\/mr-bulletfeeder-by-double-alpha-gen-2\/"},"modified":"2024-08-24T13:45:53","modified_gmt":"2024-08-24T13:45:53","slug":"mrbulletfeeder-av-double-alpha-gen-2","status":"publish","type":"product","link":"https:\/\/staging.nbg.eu\/no\/produkt\/mrbulletfeeder-av-double-alpha-gen-2\/","title":{"rendered":"Mr.Bulletfeeder Av Double-Alpha Gen 2"},"content":{"rendered":"<div class=\"product-description\">\n<h2>Mr.Bulletfeeder av Double-Alpha Gen 2<\/h2>\n<p>Revolusjon\u00e9r din omlastningsprosess med Mr.Bulletfeeder av Double-Alpha Gen 2. Dette avanserte kulematingsystemet integreres s\u00f8ml\u00f8st med din progressive omlastningspresse, og \u00f8ker dramatisk din produksjonshastighet og effektivitet.<\/p>\n<ul>\n<li>Kompatibel med flere kalibere<\/li>\n<li>Enkel \u00e5 installere og justere<\/li>\n<li>Presisjonskonstruert for p\u00e5litelig ytelse<\/li>\n<li>Reduserer manuell h\u00e5ndtering for tryggere omlastning<\/li>\n<li>Solid konstruksjon for langvarig bruk<\/li>\n<\/ul>\n<p>Oppgrader ditt omlastningsutstyr i dag og opplev forskjellen med Mr.Bulletfeeder Gen 2!<\/p>\n<\/div>\n","protected":false},"excerpt":{"rendered":"<p>Effektiv kulematingsinnretning for rask og presis omlading. \u00d8ker produktiviteten.<\/p>\n","protected":false},"featured_media":29313,"template":"","meta":{"_acf_changed":false},"product_brand":[11273],"product_cat":[13307,13279],"product_tag":[],"class_list":{"0":"post-31555","1":"product","2":"type-product","3":"status-publish","4":"has-post-thumbnail","6":"product_brand-doublealpha","7":"product_cat-omlading","8":"product_cat-omlastingsmaskiner","10":"first","11":"instock","12":"taxable","13":"shipping-taxable","14":"purchasable","15":"product-type-variable","16":"wvs-archive-product-wrapper"},"acf":[],"_links":{"self":[{"href":"https:\/\/staging.nbg.eu\/no\/wp-json\/wp\/v2\/product\/31555","targetHints":{"allow":["GET"]}}],"collection":[{"href":"https:\/\/staging.nbg.eu\/no\/wp-json\/wp\/v2\/product"}],"about":[{"href":"https:\/\/staging.nbg.eu\/no\/wp-json\/wp\/v2\/types\/product"}],"wp:featuredmedia":[{"embeddable":true,"href":"https:\/\/staging.nbg.eu\/no\/wp-json\/wp\/v2\/media\/29313"}],"wp:attachment":[{"href":"https:\/\/staging.nbg.eu\/no\/wp-json\/wp\/v2\/media?parent=31555"}],"wp:term":[{"taxonomy":"product_brand","embeddable":true,"href":"https:\/\/staging.nbg.eu\/no\/wp-json\/wp\/v2\/product_brand?post=31555"},{"taxonomy":"product_cat","embeddable":true,"href":"https:\/\/staging.nbg.eu\/no\/wp-json\/wp\/v2\/product_cat?post=31555"},{"taxonomy":"product_tag","embeddable":true,"href":"https:\/\/staging.nbg.eu\/no\/wp-json\/wp\/v2\/product_tag?post=31555"}],"curies":[{"name":"wp","href":"https:\/\/api.w.org\/{rel}","templated":true}]}}