{"id":31007,"date":"2024-08-18T19:55:34","date_gmt":"2024-08-24T13:24:01","guid":{"rendered":"https:\/\/staging.nbg.eu\/product\/produkt-3\/"},"modified":"2024-08-24T13:26:21","modified_gmt":"2024-08-24T13:26:21","slug":"sordin-supreme-pro-x-horselsvern","status":"publish","type":"product","link":"https:\/\/staging.nbg.eu\/no\/produkt\/sordin-supreme-pro-x-horselsvern\/","title":{"rendered":"Sordin Supreme-Pro X h\u00f8rselsvern"},"content":{"rendered":"<div class=\"product-description\">\n<h2>Sordin Supreme-Pro X H\u00f8rselsvern<\/h2>\n<p>Opplev f\u00f8rsteklasses h\u00f8rselsvern med Sordin Supreme-Pro X. Disse avanserte \u00f8reklokkene tilbyr:<\/p>\n<ul>\n<li>Aktiv st\u00f8ydemping for optimal sikkerhet<\/li>\n<li>Forsterkning av omgivelseslyder for situasjonsbevissthet<\/li>\n<li>Vanntett design for bruk i all slags v\u00e6r<\/li>\n<li>Komfortabel, ergonomisk passform for langvarig bruk<\/li>\n<li>Slank profil for s\u00f8ml\u00f8s integrering med annet utstyr<\/li>\n<\/ul>\n<p>Perfekt for skyting, jakt eller industrielle anvendelser, Supreme-Pro X gir uovertruffen h\u00f8rselsbeskyttelse uten \u00e5 kompromisse kommunikasjon eller milj\u00f8bevissthet. Beskytt h\u00f8rselen din med Sordins banebrytende teknologi.<\/p>\n<\/div>\n","protected":false},"excerpt":{"rendered":"<p>Sordin Supreme-Pro X: Elitebeskyttelse for \u00f8rene med krystallklar lyd.<\/p>\n","protected":false},"featured_media":30279,"template":"","meta":{"_acf_changed":false},"product_brand":[],"product_cat":[13273,13327,13278],"product_tag":[],"class_list":{"0":"post-31007","1":"product","2":"type-product","3":"status-publish","4":"has-post-thumbnail","6":"product_cat-horselsvern","7":"product_cat-ukategorisert","8":"product_cat-utstyr","10":"first","11":"instock","12":"taxable","13":"shipping-taxable","14":"purchasable","15":"product-type-variable","16":"wvs-archive-product-wrapper"},"acf":[],"_links":{"self":[{"href":"https:\/\/staging.nbg.eu\/no\/wp-json\/wp\/v2\/product\/31007","targetHints":{"allow":["GET"]}}],"collection":[{"href":"https:\/\/staging.nbg.eu\/no\/wp-json\/wp\/v2\/product"}],"about":[{"href":"https:\/\/staging.nbg.eu\/no\/wp-json\/wp\/v2\/types\/product"}],"wp:featuredmedia":[{"embeddable":true,"href":"https:\/\/staging.nbg.eu\/no\/wp-json\/wp\/v2\/media\/30279"}],"wp:attachment":[{"href":"https:\/\/staging.nbg.eu\/no\/wp-json\/wp\/v2\/media?parent=31007"}],"wp:term":[{"taxonomy":"product_brand","embeddable":true,"href":"https:\/\/staging.nbg.eu\/no\/wp-json\/wp\/v2\/product_brand?post=31007"},{"taxonomy":"product_cat","embeddable":true,"href":"https:\/\/staging.nbg.eu\/no\/wp-json\/wp\/v2\/product_cat?post=31007"},{"taxonomy":"product_tag","embeddable":true,"href":"https:\/\/staging.nbg.eu\/no\/wp-json\/wp\/v2\/product_tag?post=31007"}],"curies":[{"name":"wp","href":"https:\/\/api.w.org\/{rel}","templated":true}]}}