{"id":290593,"date":"2025-03-02T07:15:36","date_gmt":"2025-03-02T07:15:36","guid":{"rendered":"https:\/\/staging.nbg.eu\/prodcut\/two-vets-tripod-with-area-419-arcalock-dual-clamp-the-qdt-v2-ls-i\/"},"modified":"2025-03-27T10:50:42","modified_gmt":"2025-03-27T10:50:42","slug":"two-vets-stativ-med-area-419-arcalock-dual-clamp-the-qdt-v2-ls-i","status":"publish","type":"product","link":"https:\/\/staging.nbg.eu\/no\/produkt\/two-vets-stativ-med-area-419-arcalock-dual-clamp-the-qdt-v2-ls-i\/","title":{"rendered":"Two Vets Stativ med Area 419 ARCALOCK Dual Clamp &#8211; The QDT V2 LS I"},"content":{"rendered":"<h2>Two Vets Tripod med Area 419 ARCALOCK Dobbel Klemme &#8211; QDT V2 LS I<\/h2>\n<p>GripChanger er et nytt tilbeh\u00f8r til skyting. Denne 1-punds posen er for rask posisjonering og bruk i sm\u00e5 \u00e5pninger. Den har en tett fylling som gj\u00f8r at den kan feste seg til alle overflater og gir en stabil plattform.<\/p>\n<h2>Settet inkluderer:<\/h2>\n<ul>\n<li>1 Area 419 GripChanger pose<\/li>\n<li>1 ARCALOCK klemme<\/li>\n<li>1 Area 419 Rail Changer arm<\/li>\n<\/ul>\n<p><strong>Dimensjoner:<\/strong> 25,4 cm \u00d7 7,6 cm \u00d7 5,1 cm<br \/>\n<strong>Produsent:<\/strong> Armageddon Gear<\/p>\n<p>GripChanger-settet er allsidig og p\u00e5litelig for skyting.<\/p>\n","protected":false},"excerpt":{"rendered":"<p>Allsidig stativ med dobbel klemme for raske, stabile opptaksposisjoner.<\/p>\n","protected":false},"featured_media":233732,"template":"","meta":{"_acf_changed":false},"product_brand":[11046],"product_cat":[13311,13304],"product_tag":[],"class_list":{"0":"post-290593","1":"product","2":"type-product","3":"status-publish","4":"has-post-thumbnail","6":"product_brand-area-419","7":"product_cat-rifle","8":"product_cat-tveibeiner","10":"first","11":"instock","12":"taxable","13":"shipping-taxable","14":"purchasable","15":"product-type-simple"},"acf":[],"_links":{"self":[{"href":"https:\/\/staging.nbg.eu\/no\/wp-json\/wp\/v2\/product\/290593","targetHints":{"allow":["GET"]}}],"collection":[{"href":"https:\/\/staging.nbg.eu\/no\/wp-json\/wp\/v2\/product"}],"about":[{"href":"https:\/\/staging.nbg.eu\/no\/wp-json\/wp\/v2\/types\/product"}],"wp:featuredmedia":[{"embeddable":true,"href":"https:\/\/staging.nbg.eu\/no\/wp-json\/wp\/v2\/media\/233732"}],"wp:attachment":[{"href":"https:\/\/staging.nbg.eu\/no\/wp-json\/wp\/v2\/media?parent=290593"}],"wp:term":[{"taxonomy":"product_brand","embeddable":true,"href":"https:\/\/staging.nbg.eu\/no\/wp-json\/wp\/v2\/product_brand?post=290593"},{"taxonomy":"product_cat","embeddable":true,"href":"https:\/\/staging.nbg.eu\/no\/wp-json\/wp\/v2\/product_cat?post=290593"},{"taxonomy":"product_tag","embeddable":true,"href":"https:\/\/staging.nbg.eu\/no\/wp-json\/wp\/v2\/product_tag?post=290593"}],"curies":[{"name":"wp","href":"https:\/\/api.w.org\/{rel}","templated":true}]}}