{"id":290362,"date":"2025-03-02T06:33:52","date_gmt":"2025-03-27T10:03:19","guid":{"rendered":"https:\/\/staging.nbg.eu\/prodcut\/area-419-railchanger-og-bag\/"},"modified":"2025-03-27T10:05:46","modified_gmt":"2025-03-27T10:05:46","slug":"area-419-railchanger-og-bag","status":"publish","type":"product","link":"https:\/\/staging.nbg.eu\/no\/produkt\/area-419-railchanger-og-bag\/","title":{"rendered":"Area 419 &#8211; RailChanger OG Bag"},"content":{"rendered":"<h2>Area 419 &#8211; RailChanger OG Bag<\/h2>\n<p>RailChanger OG fra Armageddon Gear er en bag for RCX-systemet. Denne OG GameChanger-bagen har lasersk\u00e5rne paneler p\u00e5 toppen og siden for integrering med RCX-oppsettet.<\/p>\n<h2>Hovedfunksjoner:<\/h2>\n<ul>\n<li>Laget for RCX-systemet<\/li>\n<li>Lasersk\u00e5rne paneler for feste<\/li>\n<li>Full st\u00f8rrelse OG GameChanger-design<\/li>\n<li>Slitesterk konstruksjon<\/li>\n<\/ul>\n<h2>Spesifikasjoner:<\/h2>\n<ul>\n<li>Vekt: 3,2 kg<\/li>\n<li>M\u00e5l: 25,4 \u00d7 17,8 \u00d7 15,2 cm<\/li>\n<li>Tilgjengelige farger: Svart, Tan<\/li>\n<\/ul>\n<p>RailChanger OG er bagen som ble designet for RCX-systemet.<\/p>\n","protected":false},"excerpt":{"rendered":"<p>Tilpasset GameChanger-veske for RCX: lasersk\u00e5rne paneler, full st\u00f8rrelse, allsidig.<\/p>\n","protected":false},"featured_media":233475,"template":"","meta":{"_acf_changed":false},"product_brand":[11046],"product_cat":[13311],"product_tag":[],"class_list":{"0":"post-290362","1":"product","2":"type-product","3":"status-publish","4":"has-post-thumbnail","6":"product_brand-area-419","7":"product_cat-rifle","9":"first","10":"outofstock","11":"taxable","12":"shipping-taxable","13":"purchasable","14":"product-type-variable","15":"wvs-archive-product-wrapper"},"acf":[],"_links":{"self":[{"href":"https:\/\/staging.nbg.eu\/no\/wp-json\/wp\/v2\/product\/290362","targetHints":{"allow":["GET"]}}],"collection":[{"href":"https:\/\/staging.nbg.eu\/no\/wp-json\/wp\/v2\/product"}],"about":[{"href":"https:\/\/staging.nbg.eu\/no\/wp-json\/wp\/v2\/types\/product"}],"wp:featuredmedia":[{"embeddable":true,"href":"https:\/\/staging.nbg.eu\/no\/wp-json\/wp\/v2\/media\/233475"}],"wp:attachment":[{"href":"https:\/\/staging.nbg.eu\/no\/wp-json\/wp\/v2\/media?parent=290362"}],"wp:term":[{"taxonomy":"product_brand","embeddable":true,"href":"https:\/\/staging.nbg.eu\/no\/wp-json\/wp\/v2\/product_brand?post=290362"},{"taxonomy":"product_cat","embeddable":true,"href":"https:\/\/staging.nbg.eu\/no\/wp-json\/wp\/v2\/product_cat?post=290362"},{"taxonomy":"product_tag","embeddable":true,"href":"https:\/\/staging.nbg.eu\/no\/wp-json\/wp\/v2\/product_tag?post=290362"}],"curies":[{"name":"wp","href":"https:\/\/api.w.org\/{rel}","templated":true}]}}