{"id":290021,"date":"2025-03-06T10:55:57","date_gmt":"2025-03-06T10:55:57","guid":{"rendered":"https:\/\/staging.nbg.eu\/prodcut\/surefire-xr1-a-weapon-light\/"},"modified":"2025-03-26T21:51:00","modified_gmt":"2025-03-26T21:51:00","slug":"surefire-xr1-a-vapenlampe","status":"publish","type":"product","link":"https:\/\/staging.nbg.eu\/no\/produkt\/surefire-xr1-a-vapenlampe\/","title":{"rendered":"SureFire XR1-A V\u00e5penlampe"},"content":{"rendered":"<div class=\"product-description\">\n<h2>SureFire XR1-A V\u00e5penlys<\/h2>\n<p>SureFire XR1-A er et oppladbart v\u00e5penlys for skjult b\u00e6ring. Det leverer 800 lumen hvitt lys og er egnet for mellomstore skjulbare h\u00e5ndv\u00e5pen.<\/p>\n<h2>Hovedfunksjoner:<\/h2>\n<ul>\n<li>To rekylsikre LED-er med 800 lumen effekt<\/li>\n<li>Kombinert lysm\u00f8nster for identifisering og situasjonsbevissthet<\/li>\n<li>Hurtigfrakoblbart, oppladbart litium-polymer batteri<\/li>\n<li>Lett, kompakt design (75 gram)<\/li>\n<li>Mil-Spec hard-anodisert luftfartskvalitet aluminiumskropp<\/li>\n<li>Sikker firepunkts skinneinnfesting<\/li>\n<li>Ambidekstr\u00f8s momentan-p\u00e5 og konstant-p\u00e5 bryter<\/li>\n<li>Batterimontert ladeindikator<\/li>\n<\/ul>\n<h2>Ytelse:<\/h2>\n<ul>\n<li>Maksimal str\u00e5leintensitet: 16 000 candela<\/li>\n<li>Driftstid: 40 minutter p\u00e5 h\u00f8y<\/li>\n<li>Str\u00e5lelengde: 250 meter<\/li>\n<\/ul>\n<p>XR1-A har parabolsk reflektorteknologi som gir en jevn, avrundet str\u00e5le. Hurtigfrakoblingssystemet for batteriet muliggj\u00f8r enkel lading uten \u00e5 fjerne lyset fra v\u00e5penet.<\/p>\n<p>SureFire XR1-A er et kompakt v\u00e5penlys som kombinerer styrke, holdbarhet og brukervennlighet for de som trenger gode egenskaper i svakt lys uten \u00e5 g\u00e5 p\u00e5 kompromiss med v\u00e5penets skjulbarhet og h\u00e5ndtering.<\/p>\n<\/div>\n","protected":false},"excerpt":{"rendered":"<p>SureFire XR1-A: 800-lumen oppladbart v\u00e5penlys for h\u00e5ndv\u00e5pen.<\/p>\n","protected":false},"featured_media":241816,"template":"","meta":{"_acf_changed":false},"product_brand":[11875],"product_cat":[13302,13268,13295],"product_tag":[],"class_list":{"0":"post-290021","1":"product","2":"type-product","3":"status-publish","4":"has-post-thumbnail","6":"product_brand-surefire","7":"product_cat-lys","8":"product_cat-pistol","9":"product_cat-pistollys","11":"first","12":"instock","13":"taxable","14":"shipping-taxable","15":"purchasable","16":"product-type-simple"},"acf":[],"_links":{"self":[{"href":"https:\/\/staging.nbg.eu\/no\/wp-json\/wp\/v2\/product\/290021","targetHints":{"allow":["GET"]}}],"collection":[{"href":"https:\/\/staging.nbg.eu\/no\/wp-json\/wp\/v2\/product"}],"about":[{"href":"https:\/\/staging.nbg.eu\/no\/wp-json\/wp\/v2\/types\/product"}],"wp:featuredmedia":[{"embeddable":true,"href":"https:\/\/staging.nbg.eu\/no\/wp-json\/wp\/v2\/media\/241816"}],"wp:attachment":[{"href":"https:\/\/staging.nbg.eu\/no\/wp-json\/wp\/v2\/media?parent=290021"}],"wp:term":[{"taxonomy":"product_brand","embeddable":true,"href":"https:\/\/staging.nbg.eu\/no\/wp-json\/wp\/v2\/product_brand?post=290021"},{"taxonomy":"product_cat","embeddable":true,"href":"https:\/\/staging.nbg.eu\/no\/wp-json\/wp\/v2\/product_cat?post=290021"},{"taxonomy":"product_tag","embeddable":true,"href":"https:\/\/staging.nbg.eu\/no\/wp-json\/wp\/v2\/product_tag?post=290021"}],"curies":[{"name":"wp","href":"https:\/\/api.w.org\/{rel}","templated":true}]}}