{"id":289910,"date":"2025-03-01T16:08:15","date_gmt":"2025-03-26T21:41:12","guid":{"rendered":"https:\/\/staging.nbg.eu\/prodcut\/area-419-arcalock-barricade-stop\/"},"modified":"2025-03-26T21:43:45","modified_gmt":"2025-03-26T21:43:45","slug":"area-419-arcalock-barrikade-stopp","status":"publish","type":"product","link":"https:\/\/staging.nbg.eu\/no\/produkt\/area-419-arcalock-barrikade-stopp\/","title":{"rendered":"Area 419 &#8211; ARCALOCK Barrikade Stopp"},"content":{"rendered":"<h2>Area 419 &#8211; ARCALOCK Barrikadestopperen<\/h2>\n<p>Utvid ditt ARCALOCK-system med denne ekstra barrikadestopperen, laget for stabilitet og presisjon.<\/p>\n<h2>Hovedfunksjoner:<\/h2>\n<ul>\n<li>Kompatibelt boltem\u00f8nster med Atlas topod<\/li>\n<li>Kan installeres mellom klemme og topod eller brukes alene<\/li>\n<li>Fremre tenner for godt grep p\u00e5 barrikader<\/li>\n<li>Maskinert internt av 6061-T6 aluminium<\/li>\n<li>Vekt: 0,23 kg<\/li>\n<li>M\u00e5l: 15,2 cm \u00d7 8,9 cm \u00d7 5,1 cm<\/li>\n<\/ul>\n<p><strong>Merk:<\/strong> Kun barrikadestopperen; klemme og topod er ikke inkludert. Ikke kompatibel med Harris Topod uten v\u00e5r forlengelsesadapter.<\/p>\n<p>Area 419 ARCALOCK Barrikadestopperen er et tilbeh\u00f8r for \u00f8kt stabilitet under skyting.<\/p>\n","protected":false},"excerpt":{"rendered":"<p>Area 419 ARCALOCK Barrikade-Stopp: Sikkert grep for presisjonsskyting.<\/p>\n","protected":false},"featured_media":233045,"template":"","meta":{"_acf_changed":false},"product_brand":[11046],"product_cat":[13311,13282,13260,13259],"product_tag":[],"class_list":{"0":"post-289910","1":"product","2":"type-product","3":"status-publish","4":"has-post-thumbnail","6":"product_brand-area-419","7":"product_cat-rifle","8":"product_cat-rifle-grep","9":"product_cat-rifle-tuning","10":"product_cat-skinner","12":"first","13":"instock","14":"taxable","15":"shipping-taxable","16":"purchasable","17":"product-type-simple"},"acf":[],"_links":{"self":[{"href":"https:\/\/staging.nbg.eu\/no\/wp-json\/wp\/v2\/product\/289910","targetHints":{"allow":["GET"]}}],"collection":[{"href":"https:\/\/staging.nbg.eu\/no\/wp-json\/wp\/v2\/product"}],"about":[{"href":"https:\/\/staging.nbg.eu\/no\/wp-json\/wp\/v2\/types\/product"}],"wp:featuredmedia":[{"embeddable":true,"href":"https:\/\/staging.nbg.eu\/no\/wp-json\/wp\/v2\/media\/233045"}],"wp:attachment":[{"href":"https:\/\/staging.nbg.eu\/no\/wp-json\/wp\/v2\/media?parent=289910"}],"wp:term":[{"taxonomy":"product_brand","embeddable":true,"href":"https:\/\/staging.nbg.eu\/no\/wp-json\/wp\/v2\/product_brand?post=289910"},{"taxonomy":"product_cat","embeddable":true,"href":"https:\/\/staging.nbg.eu\/no\/wp-json\/wp\/v2\/product_cat?post=289910"},{"taxonomy":"product_tag","embeddable":true,"href":"https:\/\/staging.nbg.eu\/no\/wp-json\/wp\/v2\/product_tag?post=289910"}],"curies":[{"name":"wp","href":"https:\/\/api.w.org\/{rel}","templated":true}]}}