{"id":289577,"date":"2025-03-01T14:21:59","date_gmt":"2025-03-26T21:28:34","guid":{"rendered":"https:\/\/staging.nbg.eu\/prodcut\/area-419-arcalock-10%e2%80%b3-universal-dovetail-rail\/"},"modified":"2025-03-26T21:31:14","modified_gmt":"2025-03-26T21:31:14","slug":"area-419-arcalock-10-universal-svalehale-skinne","status":"publish","type":"product","link":"https:\/\/staging.nbg.eu\/no\/produkt\/area-419-arcalock-10-universal-svalehale-skinne\/","title":{"rendered":"Area 419 &#8211; ARCALOCK 10\u2033 Universal Svalehale Skinne"},"content":{"rendered":"<div class=\"product-description\">\n<h2>Area 419 &#8211; ARCALOCK 10&#8243; Universell Svalehaleskinne<\/h2>\n<p>ARCALOCK 10&#8243; Universell Svalehaleskinne fra Area 419 har f\u00f8lgende egenskaper:<\/p>\n<ul>\n<li>Tannede sider for mekanisk l\u00e5sing med Area 419 klemmer<\/li>\n<li>Kompatibel med standard Arca-tilbeh\u00f8r<\/li>\n<li>Veier 4,1 oz<\/li>\n<li>Overholder RRS 1,5&#8243; svalehalestandard<\/li>\n<li>Avfasede kanter<\/li>\n<li>Type 3 Hard Coat anodisert 6061-T6 aluminium<\/li>\n<li>Produsert i USA<\/li>\n<li>M-LOK spor for montering av ekstra tilbeh\u00f8r<\/li>\n<\/ul>\n<p><strong>Merk:<\/strong> Krever 6 p\u00e5f\u00f8lgende MLOK-spor for festing. For kolber med f\u00e6rre spor, vurder 12&#8243; Universell Skinne.<\/p>\n<p>ARCALOCK Svalehaleskinnesystem.<\/p>\n<\/div>\n","protected":false},"excerpt":{"rendered":"<p>ARCALOCK 10&#8243; universell svalehalerampe: Sikker, allsidig MLOK-feste for presisjonsv\u00e5pen.<\/p>\n","protected":false},"featured_media":232429,"template":"","meta":{"_acf_changed":false},"product_brand":[11046],"product_cat":[13311,13259,390],"product_tag":[],"class_list":{"0":"post-289577","1":"product","2":"type-product","3":"status-publish","4":"has-post-thumbnail","6":"product_brand-area-419","7":"product_cat-rifle","8":"product_cat-skinner","9":"product_cat-aiming","11":"first","12":"instock","13":"taxable","14":"shipping-taxable","15":"purchasable","16":"product-type-simple"},"acf":[],"_links":{"self":[{"href":"https:\/\/staging.nbg.eu\/no\/wp-json\/wp\/v2\/product\/289577","targetHints":{"allow":["GET"]}}],"collection":[{"href":"https:\/\/staging.nbg.eu\/no\/wp-json\/wp\/v2\/product"}],"about":[{"href":"https:\/\/staging.nbg.eu\/no\/wp-json\/wp\/v2\/types\/product"}],"wp:featuredmedia":[{"embeddable":true,"href":"https:\/\/staging.nbg.eu\/no\/wp-json\/wp\/v2\/media\/232429"}],"wp:attachment":[{"href":"https:\/\/staging.nbg.eu\/no\/wp-json\/wp\/v2\/media?parent=289577"}],"wp:term":[{"taxonomy":"product_brand","embeddable":true,"href":"https:\/\/staging.nbg.eu\/no\/wp-json\/wp\/v2\/product_brand?post=289577"},{"taxonomy":"product_cat","embeddable":true,"href":"https:\/\/staging.nbg.eu\/no\/wp-json\/wp\/v2\/product_cat?post=289577"},{"taxonomy":"product_tag","embeddable":true,"href":"https:\/\/staging.nbg.eu\/no\/wp-json\/wp\/v2\/product_tag?post=289577"}],"curies":[{"name":"wp","href":"https:\/\/api.w.org\/{rel}","templated":true}]}}