{"id":289222,"date":"2025-03-05T07:40:12","date_gmt":"2025-03-05T07:40:12","guid":{"rendered":"https:\/\/staging.nbg.eu\/prodcut\/magpul-moe-sl-carbine-stock-for-ar15-m4\/"},"modified":"2025-03-26T21:07:11","modified_gmt":"2025-03-26T21:07:11","slug":"magpul-moe-sl-karbin-kolbe-for-ar15-m4","status":"publish","type":"product","link":"https:\/\/staging.nbg.eu\/no\/produkt\/magpul-moe-sl-karbin-kolbe-for-ar15-m4\/","title":{"rendered":"Magpul &#8211; MOE SL Karbin Kolbe for AR15 \/ M4"},"content":{"rendered":"<h2>Magpul MOE SL Karbinkolbe for AR15 \/ M4<\/h2>\n<p>Magpul MOE SL Kolbe er en erstatning for Mil-Spec mottakerr\u00f8r. Denne kolben er laget i USA og har f\u00f8lgende egenskaper:<\/p>\n<ul>\n<li>Profil med forbedret kinnkontakt<\/li>\n<li>Utl\u00f8sere p\u00e5 begge sider for enkel justering<\/li>\n<li>Avrundet t\u00e5 for skulderovertakelser<\/li>\n<li>Vinklet gummiende for grep og st\u00f8tbeskyttelse<\/li>\n<li>Intern mekanisme for sikker passform<\/li>\n<li>Integrert QD-feste og 1,25&#8243; reim-l\u00f8kke<\/li>\n<li>Kompatibel med ulike reimp\u00e5festninger<\/li>\n<\/ul>\n<p>Spesifikasjoner: 263,7 g vekt, 8,38 cm justeringsomr\u00e5de, passer til Mil-Spec r\u00f8r fra Colt, LMT, Ruger, S&amp;W, SIG og andre.<\/p>\n<p><strong>Merk:<\/strong> Sjekk kompatibilitet med ditt mottakerr\u00f8r f\u00f8r kj\u00f8p.<\/p>\n","protected":false},"excerpt":{"rendered":"<p>Elegant, justerbar AR15\/M4 kolbe. Utl\u00f8ser p\u00e5 begge sider, antisklimatte, hurtigkoblingsfeste.<\/p>\n","protected":false},"featured_media":237992,"template":"","meta":{"_acf_changed":false},"product_brand":[11541],"product_cat":[13311,13271,13260],"product_tag":[],"class_list":{"0":"post-289222","1":"product","2":"type-product","3":"status-publish","4":"has-post-thumbnail","6":"product_brand-magpul","7":"product_cat-rifle","8":"product_cat-rifle-kolber","9":"product_cat-rifle-tuning","11":"first","12":"outofstock","13":"taxable","14":"shipping-taxable","15":"purchasable","16":"product-type-simple"},"acf":[],"_links":{"self":[{"href":"https:\/\/staging.nbg.eu\/no\/wp-json\/wp\/v2\/product\/289222","targetHints":{"allow":["GET"]}}],"collection":[{"href":"https:\/\/staging.nbg.eu\/no\/wp-json\/wp\/v2\/product"}],"about":[{"href":"https:\/\/staging.nbg.eu\/no\/wp-json\/wp\/v2\/types\/product"}],"wp:featuredmedia":[{"embeddable":true,"href":"https:\/\/staging.nbg.eu\/no\/wp-json\/wp\/v2\/media\/237992"}],"wp:attachment":[{"href":"https:\/\/staging.nbg.eu\/no\/wp-json\/wp\/v2\/media?parent=289222"}],"wp:term":[{"taxonomy":"product_brand","embeddable":true,"href":"https:\/\/staging.nbg.eu\/no\/wp-json\/wp\/v2\/product_brand?post=289222"},{"taxonomy":"product_cat","embeddable":true,"href":"https:\/\/staging.nbg.eu\/no\/wp-json\/wp\/v2\/product_cat?post=289222"},{"taxonomy":"product_tag","embeddable":true,"href":"https:\/\/staging.nbg.eu\/no\/wp-json\/wp\/v2\/product_tag?post=289222"}],"curies":[{"name":"wp","href":"https:\/\/api.w.org\/{rel}","templated":true}]}}