{"id":288297,"date":"2025-03-06T10:32:44","date_gmt":"2025-03-06T10:32:44","guid":{"rendered":"https:\/\/staging.nbg.eu\/prodcut\/ftcs-custom-ak-mod-7-handguard-m-lok-short-forward-curved\/"},"modified":"2025-03-26T17:39:27","modified_gmt":"2025-03-26T17:39:27","slug":"ftcs-custom-ak-mod-7-handvern-m-lok-kort-fremoverbuet","status":"publish","type":"product","link":"https:\/\/staging.nbg.eu\/no\/produkt\/ftcs-custom-ak-mod-7-handvern-m-lok-kort-fremoverbuet\/","title":{"rendered":"FTCS &#8211; Custom AK Mod 7 H\u00e5ndvern &#8211; M-LOK &#8211; Kort Fremoverbuet"},"content":{"rendered":"<div class=\"product-description\">\n<h2>FTCS &#8211; Tilpasset AK Mod 7 H\u00e5ndvern &#8211; M-LOK &#8211; Kort Forover Buet<\/h2>\n<p>V\u00e5r tilpassede AK Mod 7 h\u00e5ndvern har et kort forover buet design som kombinerer klassisk utseende med moderne funksjonalitet. Dette lette h\u00e5ndvernet i tre tilbyr en balanse mellom tradisjon og innovasjon.<\/p>\n<h2>Hovedfunksjoner:<\/h2>\n<ul>\n<li>Kort forover buet frontgrep for bedre kontroll<\/li>\n<li>Lett trekonstruksjon (180g)<\/li>\n<li>Integrerte aluminium M-LOK-skinner for allsidig tilbeh\u00f8rmontering<\/li>\n<li>Kompatibel med AKM, AKMS og AKMN karabiner (tilpasning kan v\u00e6re n\u00f8dvendig)<\/li>\n<li>Grafittsvart H-146 Cerakote-overflate<\/li>\n<\/ul>\n<p>Dette M-LOK-utstyrte h\u00e5ndvernet i tre gir b\u00e5de klassisk f\u00f8lelse og muligheten til \u00e5 montere moderne tilbeh\u00f8r som lommelykter og lasere. Merk: Ikke kompatibel med frest AK-karabiner uten modifikasjon.<\/p>\n<p>Dimensjoner: 160 x 120 x 35 mm<\/p>\n<\/div>\n","protected":false},"excerpt":{"rendered":"<p>FTCS AK Mod 7 h\u00e5ndvern: Kort, buet tre med M-LOK-skinner.<\/p>\n","protected":false},"featured_media":241210,"template":"","meta":{"_acf_changed":false},"product_brand":[11327],"product_cat":[13245,13311,13260,13259],"product_tag":[],"class_list":{"0":"post-288297","1":"product","2":"type-product","3":"status-publish","4":"has-post-thumbnail","6":"product_brand-ftcs","7":"product_cat-ak-tuning","8":"product_cat-rifle","9":"product_cat-rifle-tuning","10":"product_cat-skinner","12":"first","13":"outofstock","14":"taxable","15":"shipping-taxable","16":"purchasable","17":"product-type-simple"},"acf":[],"_links":{"self":[{"href":"https:\/\/staging.nbg.eu\/no\/wp-json\/wp\/v2\/product\/288297","targetHints":{"allow":["GET"]}}],"collection":[{"href":"https:\/\/staging.nbg.eu\/no\/wp-json\/wp\/v2\/product"}],"about":[{"href":"https:\/\/staging.nbg.eu\/no\/wp-json\/wp\/v2\/types\/product"}],"wp:featuredmedia":[{"embeddable":true,"href":"https:\/\/staging.nbg.eu\/no\/wp-json\/wp\/v2\/media\/241210"}],"wp:attachment":[{"href":"https:\/\/staging.nbg.eu\/no\/wp-json\/wp\/v2\/media?parent=288297"}],"wp:term":[{"taxonomy":"product_brand","embeddable":true,"href":"https:\/\/staging.nbg.eu\/no\/wp-json\/wp\/v2\/product_brand?post=288297"},{"taxonomy":"product_cat","embeddable":true,"href":"https:\/\/staging.nbg.eu\/no\/wp-json\/wp\/v2\/product_cat?post=288297"},{"taxonomy":"product_tag","embeddable":true,"href":"https:\/\/staging.nbg.eu\/no\/wp-json\/wp\/v2\/product_tag?post=288297"}],"curies":[{"name":"wp","href":"https:\/\/api.w.org\/{rel}","templated":true}]}}