{"id":288183,"date":"2025-03-06T10:17:52","date_gmt":"2025-03-26T17:22:23","guid":{"rendered":"https:\/\/staging.nbg.eu\/prodcut\/ftcs-dong-handguard-m-lok-akm\/"},"modified":"2025-03-26T17:24:52","modified_gmt":"2025-03-26T17:24:52","slug":"ftcs-dong-handvern-m-lok-akm","status":"publish","type":"product","link":"https:\/\/staging.nbg.eu\/no\/produkt\/ftcs-dong-handvern-m-lok-akm\/","title":{"rendered":"FTCS &#8211; &laquo;Dong&raquo; H\u00e5ndvern &#8211; M-LOK &#8211; AKM"},"content":{"rendered":"<div class=\"product-description\">\n<h2>FTCS &#8211; &laquo;Dong&raquo; H\u00e5ndvern &#8211; M-LOK &#8211; AKM<\/h2>\n<p>FTCS &laquo;Dong&raquo; H\u00e5ndvern for AKM\/AKMS-rifler. Dette AIMS-stil h\u00e5ndvernet har f\u00f8lgende egenskaper:<\/p>\n<ul>\n<li>Lett trekonstruksjon<\/li>\n<li>Integrert frontgrep<\/li>\n<li>M-LOK-spor for tilbeh\u00f8rmontering<\/li>\n<li>Kompatibel med underfoldende skjefter<\/li>\n<li>Grafitt svart Cerakote-overflate<\/li>\n<\/ul>\n<p>H\u00e5ndvernet veier 141g og m\u00e5ler 160x120x35mm. De sidemonterte M-LOK-skinnene muliggj\u00f8r festing av lys, lasere og annet tilbeh\u00f8r.<\/p>\n<p>FTCS &laquo;Dong&raquo; H\u00e5ndvern er tilgjengelig for AKM.<\/p>\n<\/div>\n","protected":false},"excerpt":{"rendered":"<p>Klassisk AIMS-stil treh\u00e5ndvern for AKM med M-LOK-skinner.<\/p>\n","protected":false},"featured_media":241000,"template":"","meta":{"_acf_changed":false},"product_brand":[11327],"product_cat":[13245,13282,13260],"product_tag":[],"class_list":{"0":"post-288183","1":"product","2":"type-product","3":"status-publish","4":"has-post-thumbnail","6":"product_brand-ftcs","7":"product_cat-ak-tuning","8":"product_cat-rifle-grep","9":"product_cat-rifle-tuning","11":"first","12":"instock","13":"taxable","14":"shipping-taxable","15":"purchasable","16":"product-type-simple"},"acf":[],"_links":{"self":[{"href":"https:\/\/staging.nbg.eu\/no\/wp-json\/wp\/v2\/product\/288183","targetHints":{"allow":["GET"]}}],"collection":[{"href":"https:\/\/staging.nbg.eu\/no\/wp-json\/wp\/v2\/product"}],"about":[{"href":"https:\/\/staging.nbg.eu\/no\/wp-json\/wp\/v2\/types\/product"}],"wp:featuredmedia":[{"embeddable":true,"href":"https:\/\/staging.nbg.eu\/no\/wp-json\/wp\/v2\/media\/241000"}],"wp:attachment":[{"href":"https:\/\/staging.nbg.eu\/no\/wp-json\/wp\/v2\/media?parent=288183"}],"wp:term":[{"taxonomy":"product_brand","embeddable":true,"href":"https:\/\/staging.nbg.eu\/no\/wp-json\/wp\/v2\/product_brand?post=288183"},{"taxonomy":"product_cat","embeddable":true,"href":"https:\/\/staging.nbg.eu\/no\/wp-json\/wp\/v2\/product_cat?post=288183"},{"taxonomy":"product_tag","embeddable":true,"href":"https:\/\/staging.nbg.eu\/no\/wp-json\/wp\/v2\/product_tag?post=288183"}],"curies":[{"name":"wp","href":"https:\/\/api.w.org\/{rel}","templated":true}]}}