{"id":287761,"date":"2025-03-05T11:33:07","date_gmt":"2025-03-05T11:33:07","guid":{"rendered":"https:\/\/staging.nbg.eu\/prodcut\/clawgear-ak47-medium-slick-handguard-m-lok\/"},"modified":"2025-03-26T12:49:51","modified_gmt":"2025-03-26T12:49:51","slug":"clawgear-ak47-medium-slick-handvern-m-lok","status":"publish","type":"product","link":"https:\/\/staging.nbg.eu\/no\/produkt\/clawgear-ak47-medium-slick-handvern-m-lok\/","title":{"rendered":"Clawgear AK47 Medium Slick H\u00e5ndvern M-LOK"},"content":{"rendered":"<div class=\"product-description\">\n<h2>Clawgear AK47 Medium Slick H\u00e5ndvern M-LOK<\/h2>\n<p>H\u00e5ndvern for AK47 fra Clawgear. Har matt svart overflate for \u00e5 redusere refleksjoner. M-LOK monteringssystem for tilbeh\u00f8r og QD-festepunkt for slynge.<\/p>\n<ul>\n<li>Kompatibel med stemplet og frest mottaker<\/li>\n<li>Laget av 6061 aluminium<\/li>\n<li>MIL-SPEC Type III hardcoat anodisert overflate<\/li>\n<li>Vekt: 0,15 kg<\/li>\n<li>M\u00e5l: 26,2 cm (L) x 4,3 cm (B) x 4,3 cm (H)<\/li>\n<\/ul>\n<p>H\u00e5ndvern for AK47.<\/p>\n<\/div>\n","protected":false},"excerpt":{"rendered":"<p>Lett M-LOK AK47 h\u00e5ndvern med QD slingfeste og matt overflate.<\/p>\n","protected":false},"featured_media":239652,"template":"","meta":{"_acf_changed":false},"product_brand":[11234],"product_cat":[13245,13311,13260,13259],"product_tag":[],"class_list":{"0":"post-287761","1":"product","2":"type-product","3":"status-publish","4":"has-post-thumbnail","6":"product_brand-clawgear","7":"product_cat-ak-tuning","8":"product_cat-rifle","9":"product_cat-rifle-tuning","10":"product_cat-skinner","12":"first","13":"instock","14":"taxable","15":"shipping-taxable","16":"purchasable","17":"product-type-simple"},"acf":[],"_links":{"self":[{"href":"https:\/\/staging.nbg.eu\/no\/wp-json\/wp\/v2\/product\/287761","targetHints":{"allow":["GET"]}}],"collection":[{"href":"https:\/\/staging.nbg.eu\/no\/wp-json\/wp\/v2\/product"}],"about":[{"href":"https:\/\/staging.nbg.eu\/no\/wp-json\/wp\/v2\/types\/product"}],"wp:featuredmedia":[{"embeddable":true,"href":"https:\/\/staging.nbg.eu\/no\/wp-json\/wp\/v2\/media\/239652"}],"wp:attachment":[{"href":"https:\/\/staging.nbg.eu\/no\/wp-json\/wp\/v2\/media?parent=287761"}],"wp:term":[{"taxonomy":"product_brand","embeddable":true,"href":"https:\/\/staging.nbg.eu\/no\/wp-json\/wp\/v2\/product_brand?post=287761"},{"taxonomy":"product_cat","embeddable":true,"href":"https:\/\/staging.nbg.eu\/no\/wp-json\/wp\/v2\/product_cat?post=287761"},{"taxonomy":"product_tag","embeddable":true,"href":"https:\/\/staging.nbg.eu\/no\/wp-json\/wp\/v2\/product_tag?post=287761"}],"curies":[{"name":"wp","href":"https:\/\/api.w.org\/{rel}","templated":true}]}}