{"id":285473,"date":"2025-03-04T19:02:48","date_gmt":"2025-03-25T14:28:16","guid":{"rendered":"https:\/\/staging.nbg.eu\/product\/magpul-ctr-moe-cheek-riser-0-75\/"},"modified":"2025-03-25T14:30:37","modified_gmt":"2025-03-25T14:30:37","slug":"magpul-ctr-moe-kinnstotte-075","status":"publish","type":"product","link":"https:\/\/staging.nbg.eu\/no\/produkt\/magpul-ctr-moe-kinnstotte-075\/","title":{"rendered":"Magpul &#8211; CTR \/ MOE Kinnst\u00f8tte &#8211; 0.75&#8243;"},"content":{"rendered":"<div class=\"product-description\">\n<h2>Magpul &#8211; CTR \/ MOE Kinnst\u00f8tte &#8211; 0,75&#8243;<\/h2>\n<p>Magpul CTR \/ MOE Kinnst\u00f8tte er et tilbeh\u00f8r som hever kinnst\u00f8tten med 1,9 cm, og gir bedre komfort og siktejustering for ulike v\u00e5penapplikasjoner.<\/p>\n<ul>\n<li>Kompatibel med CTR, MOE\u00ae, DT og PR Carbine-kolber<\/li>\n<li>Egnet for ikke-AR15\/M4-oppsett, som M14 karabinkolbekonverteringer<\/li>\n<li>Enkel p\u00e5klipsinstallasjon<\/li>\n<li>Produsert i USA<\/li>\n<li>NSN: MAG327-BLK 1005-01-591-6041<\/li>\n<\/ul>\n<p><strong>Merk:<\/strong> Kan forstyrre ladeh\u00e5ndtaksfunksjonen p\u00e5 AR15\/M4-plattformer med mindre kolben er fullt utstrakt.<\/p>\n<\/div>\n","protected":false},"excerpt":{"rendered":"<p>&laquo;P\u00e5klipsbar 0,75&#8243; kinnst\u00f8tte for \u00f8kt komfort og presisjon.&raquo;<\/p>\n","protected":false},"featured_media":237156,"template":"","meta":{"_acf_changed":false},"product_brand":[11541],"product_cat":[13311,13271,13260],"product_tag":[],"class_list":{"0":"post-285473","1":"product","2":"type-product","3":"status-publish","4":"has-post-thumbnail","6":"product_brand-magpul","7":"product_cat-rifle","8":"product_cat-rifle-kolber","9":"product_cat-rifle-tuning","11":"first","12":"instock","13":"taxable","14":"shipping-taxable","15":"purchasable","16":"product-type-variable","17":"wvs-archive-product-wrapper"},"acf":[],"_links":{"self":[{"href":"https:\/\/staging.nbg.eu\/no\/wp-json\/wp\/v2\/product\/285473","targetHints":{"allow":["GET"]}}],"collection":[{"href":"https:\/\/staging.nbg.eu\/no\/wp-json\/wp\/v2\/product"}],"about":[{"href":"https:\/\/staging.nbg.eu\/no\/wp-json\/wp\/v2\/types\/product"}],"wp:featuredmedia":[{"embeddable":true,"href":"https:\/\/staging.nbg.eu\/no\/wp-json\/wp\/v2\/media\/237156"}],"wp:attachment":[{"href":"https:\/\/staging.nbg.eu\/no\/wp-json\/wp\/v2\/media?parent=285473"}],"wp:term":[{"taxonomy":"product_brand","embeddable":true,"href":"https:\/\/staging.nbg.eu\/no\/wp-json\/wp\/v2\/product_brand?post=285473"},{"taxonomy":"product_cat","embeddable":true,"href":"https:\/\/staging.nbg.eu\/no\/wp-json\/wp\/v2\/product_cat?post=285473"},{"taxonomy":"product_tag","embeddable":true,"href":"https:\/\/staging.nbg.eu\/no\/wp-json\/wp\/v2\/product_tag?post=285473"}],"curies":[{"name":"wp","href":"https:\/\/api.w.org\/{rel}","templated":true}]}}