{"id":285424,"date":"2025-03-04T19:02:27","date_gmt":"2025-03-25T14:27:48","guid":{"rendered":"https:\/\/staging.nbg.eu\/product\/magpul-ctr-moe-cheek-riser-0-5\/"},"modified":"2025-03-25T14:30:07","modified_gmt":"2025-03-25T14:30:07","slug":"magpul-ctr-moe-kinnstotte-05","status":"publish","type":"product","link":"https:\/\/staging.nbg.eu\/no\/produkt\/magpul-ctr-moe-kinnstotte-05\/","title":{"rendered":"Magpul &#8211; CTR \/ MOE Kinnst\u00f8tte &#8211; 0.5&#8243;"},"content":{"rendered":"<div class=\"product-description\">\n<h2>Magpul &#8211; CTR \/ MOE Kinnst\u00f8tte &#8211; 0,5&#8243;<\/h2>\n<p>Magpul CTR \/ MOE Kinnst\u00f8tte er et tilbeh\u00f8r som festes p\u00e5 for \u00e5 forbedre komfort og presisjon for CTR, MOE\u00ae, DT og PR Carbine-kolber.<\/p>\n<ul>\n<li>Hever kinnst\u00f8tten med 1\/2 tomme<\/li>\n<li>Egnet for ikke-AR15\/M4 bruksomr\u00e5der<\/li>\n<li>Passende for M14 carbine kolbekonverteringer<\/li>\n<li>Produsert i USA<\/li>\n<li>NSN: MAG326-BLK 1005-01-591-6035<\/li>\n<\/ul>\n<p><strong>Merk:<\/strong> Kan forstyrre ladeh\u00e5ndtakets funksjon p\u00e5 AR15\/M4-plattformer med mindre kolben er fullt utstrakt.<\/p>\n<p>Denne kinnst\u00f8tten fra Magpul kan forbedre riflens ergonomi og gi et mer konsistent siktebilde.<\/p>\n<\/div>\n","protected":false},"excerpt":{"rendered":"<p>P\u00e5klipsbar kinnh\u00f8yning for ikke-AR15\/M4-skjefter. Hever sveisepunktet med 1,27 cm.<\/p>\n","protected":false},"featured_media":237040,"template":"","meta":{"_acf_changed":false},"product_brand":[11541],"product_cat":[13311,13271,13260],"product_tag":[],"class_list":{"0":"post-285424","1":"product","2":"type-product","3":"status-publish","4":"has-post-thumbnail","6":"product_brand-magpul","7":"product_cat-rifle","8":"product_cat-rifle-kolber","9":"product_cat-rifle-tuning","11":"first","12":"instock","13":"taxable","14":"shipping-taxable","15":"purchasable","16":"product-type-variable","17":"wvs-archive-product-wrapper"},"acf":[],"_links":{"self":[{"href":"https:\/\/staging.nbg.eu\/no\/wp-json\/wp\/v2\/product\/285424","targetHints":{"allow":["GET"]}}],"collection":[{"href":"https:\/\/staging.nbg.eu\/no\/wp-json\/wp\/v2\/product"}],"about":[{"href":"https:\/\/staging.nbg.eu\/no\/wp-json\/wp\/v2\/types\/product"}],"wp:featuredmedia":[{"embeddable":true,"href":"https:\/\/staging.nbg.eu\/no\/wp-json\/wp\/v2\/media\/237040"}],"wp:attachment":[{"href":"https:\/\/staging.nbg.eu\/no\/wp-json\/wp\/v2\/media?parent=285424"}],"wp:term":[{"taxonomy":"product_brand","embeddable":true,"href":"https:\/\/staging.nbg.eu\/no\/wp-json\/wp\/v2\/product_brand?post=285424"},{"taxonomy":"product_cat","embeddable":true,"href":"https:\/\/staging.nbg.eu\/no\/wp-json\/wp\/v2\/product_cat?post=285424"},{"taxonomy":"product_tag","embeddable":true,"href":"https:\/\/staging.nbg.eu\/no\/wp-json\/wp\/v2\/product_tag?post=285424"}],"curies":[{"name":"wp","href":"https:\/\/api.w.org\/{rel}","templated":true}]}}