{"id":285255,"date":"2025-03-04T18:44:51","date_gmt":"2025-03-25T14:26:07","guid":{"rendered":"https:\/\/staging.nbg.eu\/product\/magpul-ctr-moe-cheek-riser-0-25\/"},"modified":"2025-03-25T14:28:27","modified_gmt":"2025-03-25T14:28:27","slug":"magpul-ctr-moe-kinnstotte-025","status":"publish","type":"product","link":"https:\/\/staging.nbg.eu\/no\/produkt\/magpul-ctr-moe-kinnstotte-025\/","title":{"rendered":"Magpul &#8211; CTR \/ MOE Kinnst\u00f8tte &#8211; 0.25&raquo;"},"content":{"rendered":"<div class=\"product-description\">\n<h2>Magpul &#8211; CTR \/ MOE Kinnst\u00f8tte &#8211; 0,25&#8243;<\/h2>\n<p>Magpul CTR \/ MOE Kinnst\u00f8tte er et tilbeh\u00f8r som hever kinnkontakten med 0,25 tommer, for bedre komfort og presisjon i ikke-AR15\/M4 applikasjoner.<\/p>\n<ul>\n<li>Kompatibel med CTR, MOE\u00ae, DT og PR Carbine-kolber<\/li>\n<li>Egnet for M14 carbine kolbekonverteringer<\/li>\n<li>Produsert i USA<\/li>\n<li>NSN: MAG325-BLK 1005-01-591-6018<\/li>\n<\/ul>\n<p><strong>Merk:<\/strong> Denne kinnst\u00f8tten kan forstyrre ladeh\u00e5ndtakets funksjon p\u00e5 AR15\/M4-plattformer med mindre kolben er fullt utstrakt.<\/p>\n<\/div>\n","protected":false},"excerpt":{"rendered":"<p>Kinnh\u00f8yner for ikke-AR15\/M4-kolber. Hever sveisen med 0,64 cm. Produsert i USA.<\/p>\n","protected":false},"featured_media":236942,"template":"","meta":{"_acf_changed":false},"product_brand":[11541],"product_cat":[13311,13271,13260],"product_tag":[],"class_list":{"0":"post-285255","1":"product","2":"type-product","3":"status-publish","4":"has-post-thumbnail","6":"product_brand-magpul","7":"product_cat-rifle","8":"product_cat-rifle-kolber","9":"product_cat-rifle-tuning","11":"first","12":"instock","13":"taxable","14":"shipping-taxable","15":"purchasable","16":"product-type-variable","17":"wvs-archive-product-wrapper"},"acf":[],"_links":{"self":[{"href":"https:\/\/staging.nbg.eu\/no\/wp-json\/wp\/v2\/product\/285255","targetHints":{"allow":["GET"]}}],"collection":[{"href":"https:\/\/staging.nbg.eu\/no\/wp-json\/wp\/v2\/product"}],"about":[{"href":"https:\/\/staging.nbg.eu\/no\/wp-json\/wp\/v2\/types\/product"}],"wp:featuredmedia":[{"embeddable":true,"href":"https:\/\/staging.nbg.eu\/no\/wp-json\/wp\/v2\/media\/236942"}],"wp:attachment":[{"href":"https:\/\/staging.nbg.eu\/no\/wp-json\/wp\/v2\/media?parent=285255"}],"wp:term":[{"taxonomy":"product_brand","embeddable":true,"href":"https:\/\/staging.nbg.eu\/no\/wp-json\/wp\/v2\/product_brand?post=285255"},{"taxonomy":"product_cat","embeddable":true,"href":"https:\/\/staging.nbg.eu\/no\/wp-json\/wp\/v2\/product_cat?post=285255"},{"taxonomy":"product_tag","embeddable":true,"href":"https:\/\/staging.nbg.eu\/no\/wp-json\/wp\/v2\/product_tag?post=285255"}],"curies":[{"name":"wp","href":"https:\/\/api.w.org\/{rel}","templated":true}]}}