{"id":285084,"date":"2025-03-02T07:13:28","date_gmt":"2025-03-25T14:10:32","guid":{"rendered":"https:\/\/staging.nbg.eu\/product\/the-railchanger-from-area-419-armageddon-gear-and-reasor-precision\/"},"modified":"2025-03-25T14:12:42","modified_gmt":"2025-03-25T14:12:42","slug":"the-railchanger-fra-area-419-armageddon-gear-og-reasor-precision","status":"publish","type":"product","link":"https:\/\/staging.nbg.eu\/no\/produkt\/the-railchanger-fra-area-419-armageddon-gear-og-reasor-precision\/","title":{"rendered":"The RailChanger \u2013 Fra Area 419, Armageddon Gear og Reasor Precision"},"content":{"rendered":"<div class=\"product-description\">\n<h2>RailChanger: GripChanger-utgave<\/h2>\n<p>Dette er den nyeste tilf\u00f8yelsen til RailChanger-serien: GripChanger. Denne kompakte vesken er egnet for rask posisjonsbygging og bruk i sm\u00e5 \u00e5pninger.<\/p>\n<h2>Egenskaper:<\/h2>\n<ul>\n<li>Liten, gripevennlig og tett fylt<\/li>\n<li>Veier omtrent 0,45 kg<\/li>\n<li>Fester seg til alle overflater<\/li>\n<li>Gir en stabil plattform for rask oppsetting<\/li>\n<\/ul>\n<h2>Settet inkluderer:<\/h2>\n<ul>\n<li>1 Area 419 GripChanger-veske<\/li>\n<li>1 ARCALOCK-klemme<\/li>\n<li>1 Area 419 Rail Changer-arm<\/li>\n<\/ul>\n<h2>Spesifikasjoner:<\/h2>\n<ul>\n<li>Vekt: 0,45 kg<\/li>\n<li>Dimensjoner: 25,4 \u00d7 7,6 \u00d7 5,1 cm<\/li>\n<li>Produsent: Armageddon Gear<\/li>\n<\/ul>\n<p>GripChanger er et samarbeid mellom Area 419, Armageddon Gear og Reasor Precision.<\/p>\n<\/div>\n","protected":false},"excerpt":{"rendered":"<p>Allsidig, godt gripende sekk for raske, stabile skytestillinger.<\/p>\n","protected":false},"featured_media":233706,"template":"","meta":{"_acf_changed":false},"product_brand":[11046],"product_cat":[13311],"product_tag":[],"class_list":{"0":"post-285084","1":"product","2":"type-product","3":"status-publish","4":"has-post-thumbnail","6":"product_brand-area-419","7":"product_cat-rifle","9":"first","10":"instock","11":"taxable","12":"shipping-taxable","13":"purchasable","14":"product-type-variable","15":"wvs-archive-product-wrapper"},"acf":[],"_links":{"self":[{"href":"https:\/\/staging.nbg.eu\/no\/wp-json\/wp\/v2\/product\/285084","targetHints":{"allow":["GET"]}}],"collection":[{"href":"https:\/\/staging.nbg.eu\/no\/wp-json\/wp\/v2\/product"}],"about":[{"href":"https:\/\/staging.nbg.eu\/no\/wp-json\/wp\/v2\/types\/product"}],"wp:featuredmedia":[{"embeddable":true,"href":"https:\/\/staging.nbg.eu\/no\/wp-json\/wp\/v2\/media\/233706"}],"wp:attachment":[{"href":"https:\/\/staging.nbg.eu\/no\/wp-json\/wp\/v2\/media?parent=285084"}],"wp:term":[{"taxonomy":"product_brand","embeddable":true,"href":"https:\/\/staging.nbg.eu\/no\/wp-json\/wp\/v2\/product_brand?post=285084"},{"taxonomy":"product_cat","embeddable":true,"href":"https:\/\/staging.nbg.eu\/no\/wp-json\/wp\/v2\/product_cat?post=285084"},{"taxonomy":"product_tag","embeddable":true,"href":"https:\/\/staging.nbg.eu\/no\/wp-json\/wp\/v2\/product_tag?post=285084"}],"curies":[{"name":"wp","href":"https:\/\/api.w.org\/{rel}","templated":true}]}}