{"id":284356,"date":"2025-03-06T20:15:14","date_gmt":"2025-03-06T20:15:14","guid":{"rendered":"https:\/\/staging.nbg.eu\/product\/clawgear-ak47-gas-tube-cover\/"},"modified":"2025-03-25T13:01:25","modified_gmt":"2025-03-25T13:01:25","slug":"clawgear-ak47-gassror-deksel","status":"publish","type":"product","link":"https:\/\/staging.nbg.eu\/no\/produkt\/clawgear-ak47-gassror-deksel\/","title":{"rendered":"Clawgear &#8211; AK47 Gassr\u00f8r Deksel"},"content":{"rendered":"<h2>Clawgear &#8211; AK47 Gassr\u00f8rdeksel<\/h2>\n<p>AK47 Gassr\u00f8rdeksel fra Clawgear, designet for bruk med CG Slimline H\u00e5ndvern. Dette tilbeh\u00f8ret inkluderer:<\/p>\n<ul>\n<li>Mil-STD 1913 Picatinny \/ Stanag 4694 skinne p\u00e5 toppen<\/li>\n<li>Konstruert av aluminium<\/li>\n<li>Svart belegg<\/li>\n<\/ul>\n<p>Dette gassr\u00f8rdekselet er 10 cm langt og veier 80g.<\/p>\n<p><strong>Merk:<\/strong> Dette produktet er <em>kun<\/em> kompatibelt med Clawgear AK47 Slimline H\u00e5ndvern.<\/p>\n<p>Clawgear AK47 Gassr\u00f8rdeksel er et tilbeh\u00f8r til din AK47.<\/p>\n","protected":false},"excerpt":{"rendered":"<p>Slitesterk AK47 gassr\u00f8rdeksel med Picatinny-skinne for slankt h\u00e5ndvern.<\/p>\n","protected":false},"featured_media":244890,"template":"","meta":{"_acf_changed":false},"product_brand":[11234],"product_cat":[13245,13311,13259],"product_tag":[],"class_list":{"0":"post-284356","1":"product","2":"type-product","3":"status-publish","4":"has-post-thumbnail","6":"product_brand-clawgear","7":"product_cat-ak-tuning","8":"product_cat-rifle","9":"product_cat-skinner","11":"first","12":"instock","13":"taxable","14":"shipping-taxable","15":"purchasable","16":"product-type-simple"},"acf":[],"_links":{"self":[{"href":"https:\/\/staging.nbg.eu\/no\/wp-json\/wp\/v2\/product\/284356","targetHints":{"allow":["GET"]}}],"collection":[{"href":"https:\/\/staging.nbg.eu\/no\/wp-json\/wp\/v2\/product"}],"about":[{"href":"https:\/\/staging.nbg.eu\/no\/wp-json\/wp\/v2\/types\/product"}],"wp:featuredmedia":[{"embeddable":true,"href":"https:\/\/staging.nbg.eu\/no\/wp-json\/wp\/v2\/media\/244890"}],"wp:attachment":[{"href":"https:\/\/staging.nbg.eu\/no\/wp-json\/wp\/v2\/media?parent=284356"}],"wp:term":[{"taxonomy":"product_brand","embeddable":true,"href":"https:\/\/staging.nbg.eu\/no\/wp-json\/wp\/v2\/product_brand?post=284356"},{"taxonomy":"product_cat","embeddable":true,"href":"https:\/\/staging.nbg.eu\/no\/wp-json\/wp\/v2\/product_cat?post=284356"},{"taxonomy":"product_tag","embeddable":true,"href":"https:\/\/staging.nbg.eu\/no\/wp-json\/wp\/v2\/product_tag?post=284356"}],"curies":[{"name":"wp","href":"https:\/\/api.w.org\/{rel}","templated":true}]}}