{"id":282088,"date":"2025-03-06T10:01:39","date_gmt":"2025-03-24T12:41:22","guid":{"rendered":"https:\/\/staging.nbg.eu\/product\/clawgear-m-lok-10-slot-rail-qd-integrated\/"},"modified":"2025-03-24T12:43:52","modified_gmt":"2025-03-24T12:43:52","slug":"clawgear-m-lok-10-slot-skinne-qd-integrert","status":"publish","type":"product","link":"https:\/\/staging.nbg.eu\/no\/produkt\/clawgear-m-lok-10-slot-skinne-qd-integrert\/","title":{"rendered":"Clawgear M-LOK 10 Slot Skinne QD integrert"},"content":{"rendered":"<h2>Clawgear M-LOK 10 spors skinne med integrert QD<\/h2>\n<p>Picatinny-skinne for M-LOK-grensesnitt. Med 10 spor og et integrert QD-festepunkt for reim. Laget av aluminium med anodisert overflate som oppfyller milit\u00e6re spesifikasjoner.<\/p>\n<ul>\n<li>Inkluderer monteringsutstyr med T-muttere i rustfritt st\u00e5l<\/li>\n<li>Korrosjonsbestandig design<\/li>\n<li>Maksimalt dreiemoment: 4Nm eller 35in\/lb<\/li>\n<\/ul>\n<p><strong>Tips:<\/strong> Bruk det korte h\u00e5ndtaket p\u00e5 unbrakon\u00f8kkelen for stramming hvis momentn\u00f8kkel ikke er tilgjengelig.<\/p>\n<p><em>Dimensjoner (pakket):<\/em> 17 x 10,7 x 1 cm<br \/>\n<em>Vekt:<\/em> 45g (53g pakket)<\/p>\n","protected":false},"excerpt":{"rendered":"<p>M-LOK Picatinny-skinne med 10 spor og QD-feste. Slitesterk aluminium.<\/p>\n","protected":false},"featured_media":240509,"template":"","meta":{"_acf_changed":false},"product_brand":[11234],"product_cat":[13274,13311,13260,13259],"product_tag":[],"class_list":{"0":"post-282088","1":"product","2":"type-product","3":"status-publish","4":"has-post-thumbnail","6":"product_brand-clawgear","7":"product_cat-baereremmer","8":"product_cat-rifle","9":"product_cat-rifle-tuning","10":"product_cat-skinner","12":"first","13":"instock","14":"taxable","15":"shipping-taxable","16":"purchasable","17":"product-type-simple"},"acf":[],"_links":{"self":[{"href":"https:\/\/staging.nbg.eu\/no\/wp-json\/wp\/v2\/product\/282088","targetHints":{"allow":["GET"]}}],"collection":[{"href":"https:\/\/staging.nbg.eu\/no\/wp-json\/wp\/v2\/product"}],"about":[{"href":"https:\/\/staging.nbg.eu\/no\/wp-json\/wp\/v2\/types\/product"}],"wp:featuredmedia":[{"embeddable":true,"href":"https:\/\/staging.nbg.eu\/no\/wp-json\/wp\/v2\/media\/240509"}],"wp:attachment":[{"href":"https:\/\/staging.nbg.eu\/no\/wp-json\/wp\/v2\/media?parent=282088"}],"wp:term":[{"taxonomy":"product_brand","embeddable":true,"href":"https:\/\/staging.nbg.eu\/no\/wp-json\/wp\/v2\/product_brand?post=282088"},{"taxonomy":"product_cat","embeddable":true,"href":"https:\/\/staging.nbg.eu\/no\/wp-json\/wp\/v2\/product_cat?post=282088"},{"taxonomy":"product_tag","embeddable":true,"href":"https:\/\/staging.nbg.eu\/no\/wp-json\/wp\/v2\/product_tag?post=282088"}],"curies":[{"name":"wp","href":"https:\/\/api.w.org\/{rel}","templated":true}]}}