{"id":279266,"date":"2025-03-03T19:53:03","date_gmt":"2025-03-21T12:33:26","guid":{"rendered":"https:\/\/staging.nbg.eu\/product\/daa-x-ray-aluminum-pouch\/"},"modified":"2025-03-21T12:35:46","modified_gmt":"2025-03-21T12:35:46","slug":"daa-x-ray-aluminium-lomme","status":"publish","type":"product","link":"https:\/\/staging.nbg.eu\/no\/produkt\/daa-x-ray-aluminium-lomme\/","title":{"rendered":"DAA X-Ray Aluminium Lomme"},"content":{"rendered":"<h2>DAA X-Ray aluminiumsmagasinholder<\/h2>\n<p>DAA X-Ray aluminiumsmagasinholder er basert p\u00e5 Xi- og XIP-modellene og tilbyr f\u00f8lgende:<\/p>\n<ul>\n<li>\u00d8vre kant for enklere magasininnf\u00f8ring<\/li>\n<li>Settskrue for \u00e5 forhindre utilsiktet oppl\u00e5sing<\/li>\n<li>13mm kuleledd for stabilitet<\/li>\n<li>Gjennomsiktig design med utskj\u00e6ringer<\/li>\n<li>\u00c5tte monteringspunkter for bruk p\u00e5 begge sider<\/li>\n<li>Aluminiums kuleledd beltehenger for justerbare vinkler<\/li>\n<li>Tre sett med avstandsstykker for magasinkompatibilitet<\/li>\n<li>Justerbare h\u00f8ydeposisjoner for st\u00e5lstoppepinnen<\/li>\n<li>Spenningsjustering uten verkt\u00f8y<\/li>\n<\/ul>\n<p>Tilgjengelig i bl\u00e5, r\u00f8d, svart og s\u00f8lv anodiserte overflater.<\/p>\n","protected":false},"excerpt":{"rendered":"<p>DAA X-Ray aluminiumspose: Innovativ, lett, gjennomsiktig design for konkurranseskyttere.<\/p>\n","protected":false},"featured_media":236026,"template":"","meta":{"_acf_changed":false},"product_brand":[11273],"product_cat":[13269,13254,13278],"product_tag":[],"class_list":{"0":"post-279266","1":"product","2":"type-product","3":"status-publish","4":"has-post-thumbnail","6":"product_brand-doublealpha","7":"product_cat-lommer","8":"product_cat-magasinholdere","9":"product_cat-utstyr","11":"first","12":"outofstock","13":"taxable","14":"shipping-taxable","15":"purchasable","16":"product-type-variable","17":"wvs-archive-product-wrapper"},"acf":[],"_links":{"self":[{"href":"https:\/\/staging.nbg.eu\/no\/wp-json\/wp\/v2\/product\/279266","targetHints":{"allow":["GET"]}}],"collection":[{"href":"https:\/\/staging.nbg.eu\/no\/wp-json\/wp\/v2\/product"}],"about":[{"href":"https:\/\/staging.nbg.eu\/no\/wp-json\/wp\/v2\/types\/product"}],"wp:featuredmedia":[{"embeddable":true,"href":"https:\/\/staging.nbg.eu\/no\/wp-json\/wp\/v2\/media\/236026"}],"wp:attachment":[{"href":"https:\/\/staging.nbg.eu\/no\/wp-json\/wp\/v2\/media?parent=279266"}],"wp:term":[{"taxonomy":"product_brand","embeddable":true,"href":"https:\/\/staging.nbg.eu\/no\/wp-json\/wp\/v2\/product_brand?post=279266"},{"taxonomy":"product_cat","embeddable":true,"href":"https:\/\/staging.nbg.eu\/no\/wp-json\/wp\/v2\/product_cat?post=279266"},{"taxonomy":"product_tag","embeddable":true,"href":"https:\/\/staging.nbg.eu\/no\/wp-json\/wp\/v2\/product_tag?post=279266"}],"curies":[{"name":"wp","href":"https:\/\/api.w.org\/{rel}","templated":true}]}}