{"id":278319,"date":"2025-03-07T17:59:41","date_gmt":"2025-03-21T10:04:49","guid":{"rendered":"https:\/\/staging.nbg.eu\/product\/sellier-bellot-40sw-fmj-11-7g-180gr\/"},"modified":"2025-03-21T10:07:06","modified_gmt":"2025-03-21T10:07:06","slug":"sellier-bellot-40sw-fmj-117g-180gr","status":"publish","type":"product","link":"https:\/\/staging.nbg.eu\/no\/produkt\/sellier-bellot-40sw-fmj-117g-180gr\/","title":{"rendered":"Sellier &#038; Bellot &#8211; 40S&#038;W FMJ &#8211; 11.7g \/ 180gr"},"content":{"rendered":"<p>Sellier &amp; Bellot 40S&amp;W Full Metal Jacket ammunisjon er egnet for m\u00e5lskyting og \u00f8velse. Hver patron har en 180-grain FMJ kule, som gir konsistent ytelse og p\u00e5litelig mating i din .40 S&amp;W h\u00e5ndv\u00e5pen.<\/p>\n<ul>\n<li>Kaliber: .40 S&amp;W<\/li>\n<li>Kulevekt: 180 grains (11,7g)<\/li>\n<li>Kuletype: Full Metal Jacket (FMJ)<\/li>\n<li>Munningshastighet: 968 FPS<\/li>\n<li>Munningsenergi: 400 ft-lbs<\/li>\n<li>Hylse: Messing<\/li>\n<\/ul>\n<p>Denne ammunisjonen kommer i esker med 50 patroner, med 20 esker per kasse. Messinghylsen sikrer jevn funksjon og muliggj\u00f8r omlading. Med en hastighet p\u00e5 940 fps, gir disse patronene ytelse for m\u00e5lskyting og \u00f8velse p\u00e5 skytebanen. Sellier &amp; Bellot produserer ammunisjon for din .40 S&amp;W.<\/p>\n","protected":false},"excerpt":{"rendered":"<p>40 S&amp;W 180gr FMJ ammunisjon for fritidsskyting. Messinghylse, 295 m\/s, 50 skudd per eske.<\/p>\n","protected":false},"featured_media":248752,"template":"","meta":{"_acf_changed":false},"product_brand":[],"product_cat":[13286,13256],"product_tag":[],"class_list":{"0":"post-278319","1":"product","2":"type-product","3":"status-publish","4":"has-post-thumbnail","6":"product_cat-ammunisjon","7":"product_cat-pistolamunisjon","9":"first","10":"instock","11":"taxable","12":"shipping-taxable","13":"purchasable","14":"product-type-simple"},"acf":[],"_links":{"self":[{"href":"https:\/\/staging.nbg.eu\/no\/wp-json\/wp\/v2\/product\/278319","targetHints":{"allow":["GET"]}}],"collection":[{"href":"https:\/\/staging.nbg.eu\/no\/wp-json\/wp\/v2\/product"}],"about":[{"href":"https:\/\/staging.nbg.eu\/no\/wp-json\/wp\/v2\/types\/product"}],"wp:featuredmedia":[{"embeddable":true,"href":"https:\/\/staging.nbg.eu\/no\/wp-json\/wp\/v2\/media\/248752"}],"wp:attachment":[{"href":"https:\/\/staging.nbg.eu\/no\/wp-json\/wp\/v2\/media?parent=278319"}],"wp:term":[{"taxonomy":"product_brand","embeddable":true,"href":"https:\/\/staging.nbg.eu\/no\/wp-json\/wp\/v2\/product_brand?post=278319"},{"taxonomy":"product_cat","embeddable":true,"href":"https:\/\/staging.nbg.eu\/no\/wp-json\/wp\/v2\/product_cat?post=278319"},{"taxonomy":"product_tag","embeddable":true,"href":"https:\/\/staging.nbg.eu\/no\/wp-json\/wp\/v2\/product_tag?post=278319"}],"curies":[{"name":"wp","href":"https:\/\/api.w.org\/{rel}","templated":true}]}}