{"id":277678,"date":"2025-03-07T07:46:42","date_gmt":"2025-03-07T07:46:42","guid":{"rendered":"https:\/\/staging.nbg.eu\/product\/gun-oil-go-juice-4-oz\/"},"modified":"2025-03-21T07:16:22","modified_gmt":"2025-03-21T07:16:22","slug":"gun-oil-go-juice-4oz","status":"publish","type":"product","link":"https:\/\/staging.nbg.eu\/no\/produkt\/gun-oil-go-juice-4oz\/","title":{"rendered":"Gun Oil Go Juice 4.oz"},"content":{"rendered":"<div class=\"product-description\">\n<h2>ALG Go-Juice\u00ae (GJ\u00ae) 120 ml flaske<\/h2>\n<p>ALG Go-Juice\u00ae er et biosyntetisk sm\u00f8remiddel for v\u00e5pen. Hovedegenskaper inkluderer:<\/p>\n<ul>\n<li>Mer glatt enn milit\u00e6r-standard CLP<\/li>\n<li>God rustbeskyttelse<\/li>\n<li>Langvarig stabilitet<\/li>\n<li>Giftfri og hudvennlig formel<\/li>\n<li>Egnet for automatv\u00e5pen og skjulte b\u00e6rev\u00e5pen<\/li>\n<\/ul>\n<p>Laget av GMO-oljefr\u00f8 for optimal sm\u00f8ring. Go-Juice\u00ae har gode resultater i akselererte aldrings- og saltspray-tester. Dette ikke-petroleumsbaserte sm\u00f8remiddelet holder v\u00e5penet funksjonelt under vanskelige forhold.<\/p>\n<\/div>\n","protected":false},"excerpt":{"rendered":"<p>&laquo;Ultra-glatt, giftfri biosyntetisk v\u00e5pensm\u00f8remiddel for topp ytelse.&raquo;<\/p>\n","protected":false},"featured_media":245939,"template":"","meta":{"_acf_changed":false},"product_brand":[11384],"product_cat":[13280,13292],"product_tag":[],"class_list":{"0":"post-277678","1":"product","2":"type-product","3":"status-publish","4":"has-post-thumbnail","6":"product_brand-geissele","7":"product_cat-smoremidler","8":"product_cat-vapenrengjoring","10":"first","11":"instock","12":"taxable","13":"shipping-taxable","14":"purchasable","15":"product-type-simple"},"acf":[],"_links":{"self":[{"href":"https:\/\/staging.nbg.eu\/no\/wp-json\/wp\/v2\/product\/277678","targetHints":{"allow":["GET"]}}],"collection":[{"href":"https:\/\/staging.nbg.eu\/no\/wp-json\/wp\/v2\/product"}],"about":[{"href":"https:\/\/staging.nbg.eu\/no\/wp-json\/wp\/v2\/types\/product"}],"wp:featuredmedia":[{"embeddable":true,"href":"https:\/\/staging.nbg.eu\/no\/wp-json\/wp\/v2\/media\/245939"}],"wp:attachment":[{"href":"https:\/\/staging.nbg.eu\/no\/wp-json\/wp\/v2\/media?parent=277678"}],"wp:term":[{"taxonomy":"product_brand","embeddable":true,"href":"https:\/\/staging.nbg.eu\/no\/wp-json\/wp\/v2\/product_brand?post=277678"},{"taxonomy":"product_cat","embeddable":true,"href":"https:\/\/staging.nbg.eu\/no\/wp-json\/wp\/v2\/product_cat?post=277678"},{"taxonomy":"product_tag","embeddable":true,"href":"https:\/\/staging.nbg.eu\/no\/wp-json\/wp\/v2\/product_tag?post=277678"}],"curies":[{"name":"wp","href":"https:\/\/api.w.org\/{rel}","templated":true}]}}