{"id":276598,"date":"2025-03-03T19:46:03","date_gmt":"2025-03-03T19:46:03","guid":{"rendered":"https:\/\/staging.nbg.eu\/product\/daa-alpha-xip\/"},"modified":"2025-03-20T14:13:35","modified_gmt":"2025-03-20T14:13:35","slug":"daa-alpha-xip","status":"publish","type":"product","link":"https:\/\/staging.nbg.eu\/no\/produkt\/daa-alpha-xip\/","title":{"rendered":"DAA Alpha-XiP"},"content":{"rendered":"<h2>DAA Alpha-XiP Magnetsett<\/h2>\n<p>Oppgrader din DAA Racer-lomme eller Alpha XiP med dette magnetsettet. Fest en magnet til lommen din for rask og sikker montering.<\/p>\n<h3>Settets innhold:<\/h3>\n<ul>\n<li>DAA stor magnet<\/li>\n<li>Rustfri st\u00e5l M5 10mm skrue<\/li>\n<li>Messing varmeinnlegg M5 mutter (6mm lang)<\/li>\n<\/ul>\n<h3>N\u00f8dvendig verkt\u00f8y:<\/h3>\n<ul>\n<li>Drill med 6,3-6,5mm bor<\/li>\n<li>Loddebolt<\/li>\n<li>Fil og sandpapir<\/li>\n<\/ul>\n<p>F\u00f8lg v\u00e5re trinnvise monteringsinstruksjoner for \u00e5 tilpasse lommen din. Bor et presist hull, sett inn varmemutteren, og fest magneten. Med dette settet kan du forbedre lommens funksjonalitet.<\/p>\n<p><strong>Merk:<\/strong> Montering krever forsiktig h\u00e5ndtering. Prioriter alltid sikkerhet under installasjon.<\/p>\n","protected":false},"excerpt":{"rendered":"<p>DAA Alpha-XiP: Tilpassbart magnetisk pungfestsett<\/p>\n","protected":false},"featured_media":235861,"template":"","meta":{"_acf_changed":false},"product_brand":[],"product_cat":[13269,13278],"product_tag":[],"class_list":{"0":"post-276598","1":"product","2":"type-product","3":"status-publish","4":"has-post-thumbnail","6":"product_cat-lommer","7":"product_cat-utstyr","9":"first","10":"instock","11":"taxable","12":"shipping-taxable","13":"purchasable","14":"product-type-simple"},"acf":[],"_links":{"self":[{"href":"https:\/\/staging.nbg.eu\/no\/wp-json\/wp\/v2\/product\/276598","targetHints":{"allow":["GET"]}}],"collection":[{"href":"https:\/\/staging.nbg.eu\/no\/wp-json\/wp\/v2\/product"}],"about":[{"href":"https:\/\/staging.nbg.eu\/no\/wp-json\/wp\/v2\/types\/product"}],"wp:featuredmedia":[{"embeddable":true,"href":"https:\/\/staging.nbg.eu\/no\/wp-json\/wp\/v2\/media\/235861"}],"wp:attachment":[{"href":"https:\/\/staging.nbg.eu\/no\/wp-json\/wp\/v2\/media?parent=276598"}],"wp:term":[{"taxonomy":"product_brand","embeddable":true,"href":"https:\/\/staging.nbg.eu\/no\/wp-json\/wp\/v2\/product_brand?post=276598"},{"taxonomy":"product_cat","embeddable":true,"href":"https:\/\/staging.nbg.eu\/no\/wp-json\/wp\/v2\/product_cat?post=276598"},{"taxonomy":"product_tag","embeddable":true,"href":"https:\/\/staging.nbg.eu\/no\/wp-json\/wp\/v2\/product_tag?post=276598"}],"curies":[{"name":"wp","href":"https:\/\/api.w.org\/{rel}","templated":true}]}}