{"id":276098,"date":"2025-03-02T17:08:39","date_gmt":"2025-03-02T17:08:39","guid":{"rendered":"https:\/\/staging.nbg.eu\/product\/bore-tech-decimator-suppressor-cleaner\/"},"modified":"2025-03-20T13:31:58","modified_gmt":"2025-03-20T13:31:58","slug":"bore-tech-decimator-lyddemperrens","status":"publish","type":"product","link":"https:\/\/staging.nbg.eu\/no\/produkt\/bore-tech-decimator-lyddemperrens\/","title":{"rendered":"Bore Tech Decimator Lyddemperrens"},"content":{"rendered":"<div class=\"product-description\">\n<h2>Bore Tech Decimator Lyddemperpussemiddel<\/h2>\n<p>Bore Tech&#8217;s Decimator Lyddemperpussemiddel er en tokomponentformel designet for \u00e5 fjerne avleiringer i b\u00e5de rimfire og centerfire lyddempere.<\/p>\n<ul>\n<li>Trygg for lyddempere<\/li>\n<li>Ikke-farlig og ammoniakkfri<\/li>\n<li>Luktfri og biologisk nedbrytbar<\/li>\n<li>Trygg for aluminium, rustfritt st\u00e5l, titan og ulike legeringer<\/li>\n<\/ul>\n<p>Del A er rettet mot karbon- og blyavleiringer, mens Del B fokuserer p\u00e5 kobberavleiringer. N\u00e5r den brukes med Decimator Lyddemperpussesystem, kan den rengj\u00f8re lyddempere, munningsbremser, hurtigkoblinger og flammedempere.<\/p>\n<p>Bore Tech Decimator Lyddemperpussemiddel kan bidra til \u00e5 vedlikeholde lyddempere.<\/p>\n<\/div>\n","protected":false},"excerpt":{"rendered":"<p>Effektiv, sikker rengj\u00f8ringsmiddel for lyddemper som fjerner ekstrem tilsmussing.<\/p>\n","protected":false},"featured_media":235253,"template":"","meta":{"_acf_changed":false},"product_brand":[],"product_cat":[13327,13292],"product_tag":[],"class_list":{"0":"post-276098","1":"product","2":"type-product","3":"status-publish","4":"has-post-thumbnail","6":"product_cat-ukategorisert","7":"product_cat-vapenrengjoring","9":"first","10":"instock","11":"taxable","12":"shipping-taxable","13":"purchasable","14":"product-type-simple"},"acf":[],"_links":{"self":[{"href":"https:\/\/staging.nbg.eu\/no\/wp-json\/wp\/v2\/product\/276098","targetHints":{"allow":["GET"]}}],"collection":[{"href":"https:\/\/staging.nbg.eu\/no\/wp-json\/wp\/v2\/product"}],"about":[{"href":"https:\/\/staging.nbg.eu\/no\/wp-json\/wp\/v2\/types\/product"}],"wp:featuredmedia":[{"embeddable":true,"href":"https:\/\/staging.nbg.eu\/no\/wp-json\/wp\/v2\/media\/235253"}],"wp:attachment":[{"href":"https:\/\/staging.nbg.eu\/no\/wp-json\/wp\/v2\/media?parent=276098"}],"wp:term":[{"taxonomy":"product_brand","embeddable":true,"href":"https:\/\/staging.nbg.eu\/no\/wp-json\/wp\/v2\/product_brand?post=276098"},{"taxonomy":"product_cat","embeddable":true,"href":"https:\/\/staging.nbg.eu\/no\/wp-json\/wp\/v2\/product_cat?post=276098"},{"taxonomy":"product_tag","embeddable":true,"href":"https:\/\/staging.nbg.eu\/no\/wp-json\/wp\/v2\/product_tag?post=276098"}],"curies":[{"name":"wp","href":"https:\/\/api.w.org\/{rel}","templated":true}]}}