{"id":275688,"date":"2025-03-07T18:52:50","date_gmt":"2025-03-20T12:41:07","guid":{"rendered":"https:\/\/staging.nbg.eu\/product\/vortex-defender-xl-micro-red-dot\/"},"modified":"2025-03-20T12:43:29","modified_gmt":"2025-03-20T12:43:29","slug":"vortex-defender-xl-micro-red-dot","status":"publish","type":"product","link":"https:\/\/staging.nbg.eu\/no\/produkt\/vortex-defender-xl-micro-red-dot\/","title":{"rendered":"Vortex &#8211; Defender-XL\u2122 &#8211; Micro Red Dot"},"content":{"rendered":"<div class=\"product-description\">\n<h2>Vortex &#8211; Defender-XL\u2122 &#8211; Mikro R\u00f8dpunktsikte<\/h2>\n<p>Vortex Defender-XL\u2122 er et mikro r\u00f8dpunktsikte for konkurranseskyting. Dette siktet har et stort synsvindu som gir bedre perifert syn og \u00f8kt hastighet for oppf\u00f8lgingsskudd.<\/p>\n<h2>Hovedfunksjoner:<\/h2>\n<ul>\n<li><strong>5 MOA R\u00f8dt Punkt:<\/strong> Synlig i alle lysforhold<\/li>\n<li><strong>10 Lysstyrkeinnstillinger:<\/strong> 8 for dagslys og 2 for nattsynkompatibilitet<\/li>\n<li><strong>Stort Visningsvindu:<\/strong> Rask m\u00e5linnhenting og bredt synsfelt<\/li>\n<li><strong>Asferisk Linse:<\/strong> Forvrengningsfritt bilde med riktige farger<\/li>\n<li><strong>ShockShield\u2122 Polymerinnsats:<\/strong> Beskyttelse mot daglig bruk<\/li>\n<li><strong>Fast-Rack\u2122 Tekstur:<\/strong> Tekstur for enkel slidelading<\/li>\n<li><strong>Bevegelsesaktivering:<\/strong> Automatisk p\u00e5 med 10-minutters auto-avstengning for batterisparing<\/li>\n<li><strong>Knappel\u00e5s:<\/strong> Forhindrer utilsiktet lysstyrkeendring<\/li>\n<li><strong>Batteri p\u00e5 toppen:<\/strong> Enkelt batteribytte uten ny nullstilling<\/li>\n<\/ul>\n<h2>Tekniske Spesifikasjoner:<\/h2>\n<ul>\n<li>Monteringsfotavtrykk: DeltaPoint\u00ae Pro<\/li>\n<li>Monteringstype: Picatinny<\/li>\n<li>Forst\u00f8rrelse: 1x<\/li>\n<li>Batteritype: CR2032<\/li>\n<li>Batterilevetid: 25 000 timer<\/li>\n<li>Justeringsgradering: 1 MOA<\/li>\n<li>Maks h\u00f8ydejustering: 120 MOA<\/li>\n<li>Maks sidejustering: 115 MOA<\/li>\n<li>Lengde: 5,08 cm<\/li>\n<li>Vekt: 54,7 g<\/li>\n<\/ul>\n<h2>Holdbarhet og Ytelse:<\/h2>\n<ul>\n<li>Vanntett: O-ringtetninger for p\u00e5litelig ytelse i alle milj\u00f8er<\/li>\n<li>Duggfri: Designet for \u00e5 t\u00e5le et bredt temperaturomr\u00e5de<\/li>\n<li>St\u00f8tsikker: Robust konstruksjon for \u00e5 t\u00e5le rekyl og st\u00f8t<\/li>\n<li>Matt svart anodisert overflate: Korrosjons- og slitasjebestandig finish<\/li>\n<li>Enkeltstykke chassis: Kompakt og lett design<\/li>\n<li>Parallaksefri: Ubetydelig parallakse for forbedret n\u00f8yaktighet<\/li>\n<li>Ubegrenset \u00f8yeavstand: Ikke-kritisk \u00f8yeavstand for rask m\u00e5linnhenting<\/li>\n<\/ul>\n<p>Vortex Defender-XL\u2122 Mikro R\u00f8dpunktsikte er designet for konkurranseskyting. Det har en robust konstruksjon, avanserte funksjoner og presis ytelse.<\/p>\n<\/div>\n","protected":false},"excerpt":{"rendered":"<p>Robust, kompakt r\u00f8dpunktsikte med stort vindu for rask m\u00e5linnhenting. 5 MOA-prikk, 10 lysstyrkeinnstillinger.<\/p>\n","protected":false},"featured_media":249117,"template":"","meta":{"_acf_changed":false},"product_brand":[11971],"product_cat":[13268,13267,13288,13321,13287],"product_tag":[],"class_list":{"0":"post-275688","1":"product","2":"type-product","3":"status-publish","4":"has-post-thumbnail","6":"product_brand-vortex","7":"product_cat-pistol","8":"product_cat-pistol-dots","9":"product_cat-red-dots","10":"product_cat-rodpunktsikter","11":"product_cat-sikting","13":"first","14":"instock","15":"sale","16":"taxable","17":"shipping-taxable","18":"purchasable","19":"product-type-variable","20":"wvs-archive-product-wrapper"},"acf":[],"_links":{"self":[{"href":"https:\/\/staging.nbg.eu\/no\/wp-json\/wp\/v2\/product\/275688","targetHints":{"allow":["GET"]}}],"collection":[{"href":"https:\/\/staging.nbg.eu\/no\/wp-json\/wp\/v2\/product"}],"about":[{"href":"https:\/\/staging.nbg.eu\/no\/wp-json\/wp\/v2\/types\/product"}],"wp:featuredmedia":[{"embeddable":true,"href":"https:\/\/staging.nbg.eu\/no\/wp-json\/wp\/v2\/media\/249117"}],"wp:attachment":[{"href":"https:\/\/staging.nbg.eu\/no\/wp-json\/wp\/v2\/media?parent=275688"}],"wp:term":[{"taxonomy":"product_brand","embeddable":true,"href":"https:\/\/staging.nbg.eu\/no\/wp-json\/wp\/v2\/product_brand?post=275688"},{"taxonomy":"product_cat","embeddable":true,"href":"https:\/\/staging.nbg.eu\/no\/wp-json\/wp\/v2\/product_cat?post=275688"},{"taxonomy":"product_tag","embeddable":true,"href":"https:\/\/staging.nbg.eu\/no\/wp-json\/wp\/v2\/product_tag?post=275688"}],"curies":[{"name":"wp","href":"https:\/\/api.w.org\/{rel}","templated":true}]}}