{"id":275403,"date":"2025-03-07T10:54:35","date_gmt":"2025-03-07T10:54:35","guid":{"rendered":"https:\/\/staging.nbg.eu\/product\/ipsc-targets-50pcs\/"},"modified":"2025-03-20T12:10:31","modified_gmt":"2025-03-20T12:10:31","slug":"ipsc-maltavler-50stk","status":"publish","type":"product","link":"https:\/\/staging.nbg.eu\/no\/produkt\/ipsc-maltavler-50stk\/","title":{"rendered":"IPSC M\u00e5ltavler 50stk"},"content":{"rendered":"<div class=\"product-description\">\n<h2>Papp IPSC-m\u00e5l &#8211; 50 stk. pakke<\/h2>\n<p>IPSC-godkjente m\u00e5l for konkurranse og trening. Hver pakke inneholder 50 m\u00e5l som oppfyller standardene for IPSC-konkurranser.<\/p>\n<ul>\n<li>Materiale: Papp<\/li>\n<li>Antall: 50 m\u00e5l per pakke<\/li>\n<li>Farger: Brun\/hvit tosidig design<\/li>\n<li>Perforerte A, C og D soner for poengtelling<\/li>\n<\/ul>\n<p>M\u00e5lene har perforeringer p\u00e5 den brune siden som definerer poengsoner. Den hvite baksiden kan brukes som straffem\u00e5l, med poengtellingslinjer synlige gjennom perforeringene.<\/p>\n<p>Disse IPSC-m\u00e5lene er egnet for b\u00e5de erfarne konkurrenter og treningsskyttere. De kan brukes til \u00e5 forbedre ferdigheter og m\u00e5le fremgang.<\/p>\n<\/div>\n","protected":false},"excerpt":{"rendered":"<p>IPSC-m\u00e5l: 50 f\u00f8rsteklasses pappskiver for konkurranse og trening.<\/p>\n","protected":false},"featured_media":246683,"template":"","meta":{"_acf_changed":false},"product_brand":[],"product_cat":[13284,13309],"product_tag":[],"class_list":{"0":"post-275403","1":"product","2":"type-product","3":"status-publish","4":"has-post-thumbnail","6":"product_cat-papirmal","7":"product_cat-skyteskiver","9":"first","10":"instock","11":"taxable","12":"shipping-taxable","13":"purchasable","14":"product-type-simple"},"acf":[],"_links":{"self":[{"href":"https:\/\/staging.nbg.eu\/no\/wp-json\/wp\/v2\/product\/275403","targetHints":{"allow":["GET"]}}],"collection":[{"href":"https:\/\/staging.nbg.eu\/no\/wp-json\/wp\/v2\/product"}],"about":[{"href":"https:\/\/staging.nbg.eu\/no\/wp-json\/wp\/v2\/types\/product"}],"wp:featuredmedia":[{"embeddable":true,"href":"https:\/\/staging.nbg.eu\/no\/wp-json\/wp\/v2\/media\/246683"}],"wp:attachment":[{"href":"https:\/\/staging.nbg.eu\/no\/wp-json\/wp\/v2\/media?parent=275403"}],"wp:term":[{"taxonomy":"product_brand","embeddable":true,"href":"https:\/\/staging.nbg.eu\/no\/wp-json\/wp\/v2\/product_brand?post=275403"},{"taxonomy":"product_cat","embeddable":true,"href":"https:\/\/staging.nbg.eu\/no\/wp-json\/wp\/v2\/product_cat?post=275403"},{"taxonomy":"product_tag","embeddable":true,"href":"https:\/\/staging.nbg.eu\/no\/wp-json\/wp\/v2\/product_tag?post=275403"}],"curies":[{"name":"wp","href":"https:\/\/api.w.org\/{rel}","templated":true}]}}