{"id":274997,"date":"2025-03-03T19:13:19","date_gmt":"2025-03-20T10:49:11","guid":{"rendered":"https:\/\/staging.nbg.eu\/product\/bore-tech-patch-guide\/"},"modified":"2025-03-20T10:51:25","modified_gmt":"2025-03-20T10:51:25","slug":"bore-tech-lappeveileder","status":"publish","type":"product","link":"https:\/\/staging.nbg.eu\/no\/produkt\/bore-tech-lappeveileder\/","title":{"rendered":"Bore Tech Lappeveileder"},"content":{"rendered":"<h2>Bore Tech AR-15\/AR-10 Lappeguide<\/h2>\n<p>Bore Tech Lappeguide er et patentert system for h\u00e5ndfri lappep\u00e5setting som forenkler rengj\u00f8ringsprosessen.<\/p>\n<ul>\n<li>CNC-maskinerte aluminiumskomponenter<\/li>\n<li>Anodisert overflate for holdbarhet<\/li>\n<li>Justerer pussestangen med riflel\u00f8pet<\/li>\n<li>Forhindrer skade p\u00e5 l\u00e5sekammer og kammerender<\/li>\n<li>Utskiftbare, l\u00f8semiddelresistente frontadaptere<\/li>\n<li>Tilgjengelig for ulike AR-15 og AR-10 kalibere<\/li>\n<\/ul>\n<p>Rengj\u00f8r og beskytt riflen og pussestangen. Bore Tech Lappeguide er et verkt\u00f8y for v\u00e5peneiere. Produsert i USA.<\/p>\n<p><strong>Velg Bore Tech.<\/strong><\/p>\n","protected":false},"excerpt":{"rendered":"<p>Enkel, rotfri rengj\u00f8ring av AR-15\/AR-10 med h\u00e5ndfri patchfeste.<\/p>\n","protected":false},"featured_media":235532,"template":"","meta":{"_acf_changed":false},"product_brand":[11166],"product_cat":[13276,13292],"product_tag":[],"class_list":{"0":"post-274997","1":"product","2":"type-product","3":"status-publish","4":"has-post-thumbnail","6":"product_brand-boretech","7":"product_cat-patches-patchguns","8":"product_cat-vapenrengjoring","9":"pa_model-ar-10-no","10":"pa_model-ar-15-no","12":"first","13":"instock","14":"taxable","15":"shipping-taxable","16":"purchasable","17":"product-type-variable","18":"wvs-archive-product-wrapper"},"acf":[],"_links":{"self":[{"href":"https:\/\/staging.nbg.eu\/no\/wp-json\/wp\/v2\/product\/274997","targetHints":{"allow":["GET"]}}],"collection":[{"href":"https:\/\/staging.nbg.eu\/no\/wp-json\/wp\/v2\/product"}],"about":[{"href":"https:\/\/staging.nbg.eu\/no\/wp-json\/wp\/v2\/types\/product"}],"wp:featuredmedia":[{"embeddable":true,"href":"https:\/\/staging.nbg.eu\/no\/wp-json\/wp\/v2\/media\/235532"}],"wp:attachment":[{"href":"https:\/\/staging.nbg.eu\/no\/wp-json\/wp\/v2\/media?parent=274997"}],"wp:term":[{"taxonomy":"product_brand","embeddable":true,"href":"https:\/\/staging.nbg.eu\/no\/wp-json\/wp\/v2\/product_brand?post=274997"},{"taxonomy":"product_cat","embeddable":true,"href":"https:\/\/staging.nbg.eu\/no\/wp-json\/wp\/v2\/product_cat?post=274997"},{"taxonomy":"product_tag","embeddable":true,"href":"https:\/\/staging.nbg.eu\/no\/wp-json\/wp\/v2\/product_tag?post=274997"}],"curies":[{"name":"wp","href":"https:\/\/api.w.org\/{rel}","templated":true}]}}