{"id":274673,"date":"2025-03-06T20:28:07","date_gmt":"2025-03-20T10:01:02","guid":{"rendered":"https:\/\/staging.nbg.eu\/product\/3m-peltor-protac-iii-slim-headset\/"},"modified":"2025-03-20T10:03:30","modified_gmt":"2025-03-20T10:03:30","slug":"3m-peltor-protac-iii-slim-headset","status":"publish","type":"product","link":"https:\/\/staging.nbg.eu\/no\/produkt\/3m-peltor-protac-iii-slim-headset\/","title":{"rendered":"3M PELTOR ProTac III Slim Headset"},"content":{"rendered":"<div class=\"product-description\">\n<h2>3M\u2122 PELTOR\u2122 ProTac III Slim Headset<\/h2>\n<p>ProTac III Slim Headset tilbyr h\u00f8rselsvern. Dette headsettet har:<\/p>\n<ul>\n<li>23dB st\u00f8yreduksjonsverdi (NRR)<\/li>\n<li>Milj\u00f8mikrofoner for niv\u00e5avhengig h\u00f8rselsvern<\/li>\n<li>Mulighet for \u00e5 h\u00f8re omgivelseslyder<\/li>\n<li>Teknologi som begrenser h\u00f8yttalervolumet til 82 dBA<\/li>\n<li>3,5mm stereoinngang for eksterne enheter (mobiltelefoner, toveisradioer, iPods)<\/li>\n<\/ul>\n<p>Funksjoner inkluderer:<\/p>\n<ul>\n<li>Svart design<\/li>\n<li>Hodeb\u00e5nd<\/li>\n<li>Kablet tilkobling<\/li>\n<\/ul>\n<p>Egnet for fagfolk som trenger kommunikasjonsmuligheter og h\u00f8rselsvern.<\/p>\n<\/div>\n","protected":false},"excerpt":{"rendered":"<p>Smart h\u00f8rselvern med milj\u00f8lytting og enhetstilkobling.<\/p>\n","protected":false},"featured_media":245683,"template":"","meta":{"_acf_changed":false},"product_brand":[11029],"product_cat":[13273,13278],"product_tag":[],"class_list":{"0":"post-274673","1":"product","2":"type-product","3":"status-publish","4":"has-post-thumbnail","6":"product_brand-3m","7":"product_cat-horselsvern","8":"product_cat-utstyr","10":"first","11":"instock","12":"taxable","13":"shipping-taxable","14":"purchasable","15":"product-type-simple"},"acf":[],"_links":{"self":[{"href":"https:\/\/staging.nbg.eu\/no\/wp-json\/wp\/v2\/product\/274673","targetHints":{"allow":["GET"]}}],"collection":[{"href":"https:\/\/staging.nbg.eu\/no\/wp-json\/wp\/v2\/product"}],"about":[{"href":"https:\/\/staging.nbg.eu\/no\/wp-json\/wp\/v2\/types\/product"}],"wp:featuredmedia":[{"embeddable":true,"href":"https:\/\/staging.nbg.eu\/no\/wp-json\/wp\/v2\/media\/245683"}],"wp:attachment":[{"href":"https:\/\/staging.nbg.eu\/no\/wp-json\/wp\/v2\/media?parent=274673"}],"wp:term":[{"taxonomy":"product_brand","embeddable":true,"href":"https:\/\/staging.nbg.eu\/no\/wp-json\/wp\/v2\/product_brand?post=274673"},{"taxonomy":"product_cat","embeddable":true,"href":"https:\/\/staging.nbg.eu\/no\/wp-json\/wp\/v2\/product_cat?post=274673"},{"taxonomy":"product_tag","embeddable":true,"href":"https:\/\/staging.nbg.eu\/no\/wp-json\/wp\/v2\/product_tag?post=274673"}],"curies":[{"name":"wp","href":"https:\/\/api.w.org\/{rel}","templated":true}]}}