{"id":214357,"date":"2024-01-13T11:03:57","date_gmt":"2024-01-13T11:03:57","guid":{"rendered":"https:\/\/staging.nbg.eu\/product\/surefire-m640v-pro-scout-light-pro-infrared\/"},"modified":"2025-02-19T16:46:41","modified_gmt":"2025-02-19T16:46:41","slug":"surefire-m640v-pro-scout-light-pro-infrarod","status":"publish","type":"product","link":"https:\/\/staging.nbg.eu\/no\/produkt\/surefire-m640v-pro-scout-light-pro-infrarod\/","title":{"rendered":"SureFire M640V-PRO (SCOUT LIGHT PRO INFRAR\u00d8D)"},"content":{"rendered":"<div class=\"product-description\">\n<h2>SureFire M640V-PRO SCOUT LIGHT PRO INFRAR\u00d8D<\/h2>\n<p>M640V-PRO har f\u00f8lgende egenskaper:<\/p>\n<ul>\n<li>Hybridstr\u00e5lem\u00f8nster for identifisering p\u00e5 lang avstand og situasjonsbevissthet<\/li>\n<li>Ny lavprofil montering for optimal posisjonering og kompatibilitet med skinnemontert tilbeh\u00f8r<\/li>\n<li>Allsidige monteringsmuligheter for Picatinny eller M-Lok skinner<\/li>\n<li>Dobbeltspektrum kapasitet: 350 lumen hvitt lys \/ 120 mW IR-utgang<\/li>\n<li>Enkel spektrumvalg via rotasjon av frontdeksel<\/li>\n<li>Propriet\u00e6r TIR-linse for langdistansestr\u00e5le med tilstrekkelig omgivelseslys<\/li>\n<li>Enkel aktivering med trykknapp p\u00e5 bakenden<\/li>\n<li>Konstruert av luftfartsaluminium med Mil-Spec hard-anodisert overflate<\/li>\n<li>O-ring forseglet for p\u00e5litelighet i all slags v\u00e6r<\/li>\n<\/ul>\n<p>Dette er en robust og allsidig v\u00e5penlykt.<\/p>\n<\/div>\n","protected":false},"excerpt":{"rendered":"<p>Allsidig IR-v\u00e5penlys med hybridstr\u00e5le og lavprofilmontering.<\/p>\n","protected":false},"featured_media":214358,"template":"","meta":{"_acf_changed":false},"product_brand":[11875],"product_cat":[13302,13311,13262],"product_tag":[],"class_list":{"0":"post-214357","1":"product","2":"type-product","3":"status-publish","4":"has-post-thumbnail","6":"product_brand-surefire","7":"product_cat-lys","8":"product_cat-rifle","9":"product_cat-riflelys","11":"first","12":"instock","13":"taxable","14":"shipping-taxable","15":"purchasable","16":"product-type-simple"},"acf":[],"_links":{"self":[{"href":"https:\/\/staging.nbg.eu\/no\/wp-json\/wp\/v2\/product\/214357","targetHints":{"allow":["GET"]}}],"collection":[{"href":"https:\/\/staging.nbg.eu\/no\/wp-json\/wp\/v2\/product"}],"about":[{"href":"https:\/\/staging.nbg.eu\/no\/wp-json\/wp\/v2\/types\/product"}],"wp:featuredmedia":[{"embeddable":true,"href":"https:\/\/staging.nbg.eu\/no\/wp-json\/wp\/v2\/media\/214358"}],"wp:attachment":[{"href":"https:\/\/staging.nbg.eu\/no\/wp-json\/wp\/v2\/media?parent=214357"}],"wp:term":[{"taxonomy":"product_brand","embeddable":true,"href":"https:\/\/staging.nbg.eu\/no\/wp-json\/wp\/v2\/product_brand?post=214357"},{"taxonomy":"product_cat","embeddable":true,"href":"https:\/\/staging.nbg.eu\/no\/wp-json\/wp\/v2\/product_cat?post=214357"},{"taxonomy":"product_tag","embeddable":true,"href":"https:\/\/staging.nbg.eu\/no\/wp-json\/wp\/v2\/product_tag?post=214357"}],"curies":[{"name":"wp","href":"https:\/\/api.w.org\/{rel}","templated":true}]}}