{"id":212268,"date":"2024-07-30T18:47:47","date_gmt":"2025-02-19T14:29:45","guid":{"rendered":"https:\/\/staging.nbg.eu\/product\/surefire-xsc-weaponlight\/"},"modified":"2025-02-19T14:31:37","modified_gmt":"2025-02-19T14:31:37","slug":"surefire-xsc-vapenlys","status":"publish","type":"product","link":"https:\/\/staging.nbg.eu\/no\/produkt\/surefire-xsc-vapenlys\/","title":{"rendered":"SureFire XSC V\u00e5penlys"},"content":{"rendered":"<div class=\"product-description\">\n<h2>SureFire XSC V\u00c5PENLYS<\/h2>\n<p>SureFire XSC er et v\u00e5penlys for skjult b\u00e6ring. Det er designet for mikro-kompakte og sub-kompakte pistoler, og er et belysningsverkt\u00f8y for situasjoner med lite lys.<\/p>\n<h2>Hovedfunksjoner:<\/h2>\n<ul>\n<li>350 lumens hvitt lys<\/li>\n<li>Hybridstr\u00e5lem\u00f8nster for m\u00e5lidentifisering<\/li>\n<li>Ultrakompakt design<\/li>\n<li>Oppladbart litium-polymer batteri med hurtigbytte<\/li>\n<li>Intuitiv, ambidekstr\u00f8s bryter<\/li>\n<li>Mil-Spec hardeloksert luftfart\u00f8yaluminium<\/li>\n<li>IPX4-klassifisert for v\u00e6rbestandighet<\/li>\n<\/ul>\n<h2>Spesifikasjoner:<\/h2>\n<ul>\n<li>Effekt: 350 Lumens<\/li>\n<li>Driftstid: 30 minutter<\/li>\n<li>Vekt: 48,2 g<\/li>\n<li>Lengde: 4,9 cm<\/li>\n<li>Maksimal str\u00e5leintensitet: 2000 Candela<\/li>\n<li>Str\u00e5lelengde: 90 meter<\/li>\n<\/ul>\n<p>Velg riktig modell for ditt v\u00e5pen:<\/p>\n<ul>\n<li>XSC-A for Glock 43X &amp; 48 med skinne<\/li>\n<li>XSC-P365 for SIG SAUER P365 &amp; P365 XL<\/li>\n<li>XSC-HELLCAT for Springfield Armory Hellcat<\/li>\n<li>XSC-B for ulike andre sub-kompakte modeller<\/li>\n<\/ul>\n<p>SureFire XSC V\u00c5PENLYS er et alternativ for belysning i kritiske situasjoner.<\/p>\n<\/div>\n","protected":false},"excerpt":{"rendered":"<p>Kompakt, kraftig 350-lumen lys for skjulte b\u00e6rev\u00e5pen.<\/p>\n","protected":false},"featured_media":212269,"template":"","meta":{"_acf_changed":false},"product_brand":[11875],"product_cat":[13302,13268,13295],"product_tag":[],"class_list":{"0":"post-212268","1":"product","2":"type-product","3":"status-publish","4":"has-post-thumbnail","6":"product_brand-surefire","7":"product_cat-lys","8":"product_cat-pistol","9":"product_cat-pistollys","10":"pa_light-p-365-no-2","11":"pa_light-xsc-a-no","12":"pa_light-xsc-b-no","14":"first","15":"instock","16":"taxable","17":"shipping-taxable","18":"purchasable","19":"product-type-variable","20":"wvs-archive-product-wrapper"},"acf":[],"_links":{"self":[{"href":"https:\/\/staging.nbg.eu\/no\/wp-json\/wp\/v2\/product\/212268","targetHints":{"allow":["GET"]}}],"collection":[{"href":"https:\/\/staging.nbg.eu\/no\/wp-json\/wp\/v2\/product"}],"about":[{"href":"https:\/\/staging.nbg.eu\/no\/wp-json\/wp\/v2\/types\/product"}],"wp:featuredmedia":[{"embeddable":true,"href":"https:\/\/staging.nbg.eu\/no\/wp-json\/wp\/v2\/media\/212269"}],"wp:attachment":[{"href":"https:\/\/staging.nbg.eu\/no\/wp-json\/wp\/v2\/media?parent=212268"}],"wp:term":[{"taxonomy":"product_brand","embeddable":true,"href":"https:\/\/staging.nbg.eu\/no\/wp-json\/wp\/v2\/product_brand?post=212268"},{"taxonomy":"product_cat","embeddable":true,"href":"https:\/\/staging.nbg.eu\/no\/wp-json\/wp\/v2\/product_cat?post=212268"},{"taxonomy":"product_tag","embeddable":true,"href":"https:\/\/staging.nbg.eu\/no\/wp-json\/wp\/v2\/product_tag?post=212268"}],"curies":[{"name":"wp","href":"https:\/\/api.w.org\/{rel}","templated":true}]}}