{"id":211525,"date":"2024-01-24T19:30:39","date_gmt":"2025-02-19T13:02:26","guid":{"rendered":"https:\/\/staging.nbg.eu\/product\/iosso-bolt-carrier-brush\/"},"modified":"2025-02-19T13:15:04","modified_gmt":"2025-02-19T13:15:04","slug":"iosso-sluttstykke-borste","status":"publish","type":"product","link":"https:\/\/staging.nbg.eu\/no\/produkt\/iosso-sluttstykke-borste\/","title":{"rendered":"Iosso Sluttstykke B\u00f8rste"},"content":{"rendered":"<p style=\"text-align: center\"><strong><span style=\"font-size: 170%\">losso Bolt Carrier B\u00f8rster<\/span><\/strong><\/p>\n<p>Dette settet inneholder pakker med Bolt Carrier og Kammerb\u00f8rster. De er dimensjonert med n\u00f8ye toleranser for presis rengj\u00f8ring. De er laget av bl\u00e5 fiber som er tykk, stiv og beholder formen godt. Dette muliggj\u00f8r frem-og-tilbake bevegelse, i motsetning til tradisjonelle b\u00f8rster av messing og bronse. De kan brukes flere ganger f\u00f8r de blir slitt.<\/p>\n<table width=\"305\">\n<tbody>\n<tr>\n<td width=\"305\"><strong>AR-15 Bolt Carrier med stift 2-pakning<\/strong><\/td>\n<\/tr>\n<tr>\n<td><strong>AR.308 Rifle Bolt Carrier med stift 2-pakning<\/strong><\/td>\n<\/tr>\n<\/tbody>\n<\/table>\n","protected":false},"excerpt":{"rendered":"<p><strong>St\u00f8rrelsesjustert med liten toleranse for presisjonsrengj\u00f8ring<\/strong><\/p>\n","protected":false},"featured_media":107713,"template":"","meta":{"_acf_changed":false},"product_brand":[11489],"product_cat":[13319,13292],"product_tag":[],"class_list":{"0":"post-211525","1":"product","2":"type-product","3":"status-publish","4":"has-post-thumbnail","6":"product_brand-iosso","7":"product_cat-borster","8":"product_cat-vapenrengjoring","9":"pa_model-ar-308-no","10":"pa_model-ar-15-no","12":"first","13":"instock","14":"taxable","15":"shipping-taxable","16":"purchasable","17":"product-type-variable","18":"wvs-archive-product-wrapper"},"acf":[],"_links":{"self":[{"href":"https:\/\/staging.nbg.eu\/no\/wp-json\/wp\/v2\/product\/211525","targetHints":{"allow":["GET"]}}],"collection":[{"href":"https:\/\/staging.nbg.eu\/no\/wp-json\/wp\/v2\/product"}],"about":[{"href":"https:\/\/staging.nbg.eu\/no\/wp-json\/wp\/v2\/types\/product"}],"wp:featuredmedia":[{"embeddable":true,"href":"https:\/\/staging.nbg.eu\/no\/wp-json\/wp\/v2\/media\/107713"}],"wp:attachment":[{"href":"https:\/\/staging.nbg.eu\/no\/wp-json\/wp\/v2\/media?parent=211525"}],"wp:term":[{"taxonomy":"product_brand","embeddable":true,"href":"https:\/\/staging.nbg.eu\/no\/wp-json\/wp\/v2\/product_brand?post=211525"},{"taxonomy":"product_cat","embeddable":true,"href":"https:\/\/staging.nbg.eu\/no\/wp-json\/wp\/v2\/product_cat?post=211525"},{"taxonomy":"product_tag","embeddable":true,"href":"https:\/\/staging.nbg.eu\/no\/wp-json\/wp\/v2\/product_tag?post=211525"}],"curies":[{"name":"wp","href":"https:\/\/api.w.org\/{rel}","templated":true}]}}