{"id":208665,"date":"2024-07-29T13:02:15","date_gmt":"2024-07-29T13:02:15","guid":{"rendered":"https:\/\/staging.nbg.eu\/product\/bore-tech-friction-guard-xp-120ml\/"},"modified":"2025-02-16T16:55:18","modified_gmt":"2025-02-16T16:55:18","slug":"bore-tech-friction-guard-xp-120ml","status":"publish","type":"product","link":"https:\/\/staging.nbg.eu\/no\/produkt\/bore-tech-friction-guard-xp-120ml\/","title":{"rendered":"Bore Tech Friction Guard XP 120ml"},"content":{"rendered":"<h2>Bore Tech Friction Guard XP V\u00e5penolje &#8211; 120ml<\/h2>\n<p>Bore Tech Friction Guard XP V\u00e5penolje er en syntetisk blanding som oppfyller MIL-PRF-63460E krav og tilbyr:<\/p>\n<ul>\n<li>Sm\u00f8ring fra -73\u00b0C til 316\u00b0C<\/li>\n<li>95% reduksjon i friksjon og slitasje<\/li>\n<li>Korrosjonsbeskyttelse<\/li>\n<li>Penetrering og binding til metalloverflater<\/li>\n<li>Filmstyrke for slitasjebeskyttelse<\/li>\n<li>Motstand mot ekstreme temperaturer<\/li>\n<li>100+ timers beskyttelse i saltspraytest<\/li>\n<li>Fuktighetsfortrengning<\/li>\n<li>St\u00f8v- og smussavvisende<\/li>\n<\/ul>\n<p>Egnet for skyttere, jegere og entusiaster. Friction Guard XP behandler v\u00e5penets l\u00f8p og gir beskyttelse under bruk og oppbevaring.<\/p>\n","protected":false},"excerpt":{"rendered":"<p>H\u00f8yytelses syntetisk v\u00e5penolje for overlegen sm\u00f8ring og beskyttelse.<\/p>\n","protected":false},"featured_media":150488,"template":"","meta":{"_acf_changed":false},"product_brand":[11166],"product_cat":[13280,13292],"product_tag":[],"class_list":{"0":"post-208665","1":"product","2":"type-product","3":"status-publish","4":"has-post-thumbnail","6":"product_brand-boretech","7":"product_cat-smoremidler","8":"product_cat-vapenrengjoring","10":"first","11":"instock","12":"taxable","13":"shipping-taxable","14":"purchasable","15":"product-type-simple"},"acf":[],"_links":{"self":[{"href":"https:\/\/staging.nbg.eu\/no\/wp-json\/wp\/v2\/product\/208665","targetHints":{"allow":["GET"]}}],"collection":[{"href":"https:\/\/staging.nbg.eu\/no\/wp-json\/wp\/v2\/product"}],"about":[{"href":"https:\/\/staging.nbg.eu\/no\/wp-json\/wp\/v2\/types\/product"}],"wp:featuredmedia":[{"embeddable":true,"href":"https:\/\/staging.nbg.eu\/no\/wp-json\/wp\/v2\/media\/150488"}],"wp:attachment":[{"href":"https:\/\/staging.nbg.eu\/no\/wp-json\/wp\/v2\/media?parent=208665"}],"wp:term":[{"taxonomy":"product_brand","embeddable":true,"href":"https:\/\/staging.nbg.eu\/no\/wp-json\/wp\/v2\/product_brand?post=208665"},{"taxonomy":"product_cat","embeddable":true,"href":"https:\/\/staging.nbg.eu\/no\/wp-json\/wp\/v2\/product_cat?post=208665"},{"taxonomy":"product_tag","embeddable":true,"href":"https:\/\/staging.nbg.eu\/no\/wp-json\/wp\/v2\/product_tag?post=208665"}],"curies":[{"name":"wp","href":"https:\/\/api.w.org\/{rel}","templated":true}]}}