{"id":205273,"date":"2024-09-02T10:50:03","date_gmt":"2025-02-13T15:10:27","guid":{"rendered":"https:\/\/staging.nbg.eu\/product\/badger-ordnance-c1-12-oclock-top-optical-platform-for-trijicon-rmr\/"},"modified":"2025-02-13T15:12:26","modified_gmt":"2025-02-13T15:12:26","slug":"badger-ordnance-c1-12-oclock-topp-optisk-plattform-for-trijicon-rmr","status":"publish","type":"product","link":"https:\/\/staging.nbg.eu\/no\/produkt\/badger-ordnance-c1-12-oclock-topp-optisk-plattform-for-trijicon-rmr\/","title":{"rendered":"Badger Ordnance C1 12 O&#8217;clock Topp Optisk Plattform for Trijicon RMR"},"content":{"rendered":"<div class=\"product-description\">\n<h2>Badger Ordnance C1 12 O&#8217;clock Topp Optisk Plattform for Trijicon RMR<\/h2>\n<p>Badger Ordnance C1 12TOP er en monteringsl\u00f8sning designet for \u00e5 integrere en Trijicon RMR eller kompatibel optikk p\u00e5 ditt C1 ARC-system. Denne plattformen tilbyr en 12 o&#8217;clock montert Red Dot-konfigurasjon.<\/p>\n<h2>Hovedfunksjoner:<\/h2>\n<ul>\n<li>Laget av 6061 T6 Aluminium<\/li>\n<li>Type III Hardcoat Anodisert overflate<\/li>\n<li>Vekt p\u00e5 0,5 oz<\/li>\n<li>Inkluderer vanntett klebende mellomlegg for montering<\/li>\n<li>Kompatibel med optikk som bruker Trijicon RMR-fotavtrykk<\/li>\n<\/ul>\n<h2>Kompatibilitet:<\/h2>\n<p>C1 12TOP er kompatibel med f\u00f8lgende optikk:<\/p>\n<ul>\n<li>Trijicon RMR og SRO<\/li>\n<li>Holosun HS407C, HS507C, og HS508T<\/li>\n<li>Swampfox Kingslayer, Liberty RMR 1&#215;22, og Justice RMR 1&#215;27<\/li>\n<li>NcStar VISM FlipDot Pro<\/li>\n<li>Riton X3 Tactix PRD<\/li>\n<li>Vector Optics Frenzy 1x22x26<\/li>\n<\/ul>\n<p>Badger Ordnance C1 12 O&#8217;clock Topp Optisk Plattform kan forbedre ditt optiske oppsett.<\/p>\n<\/div>\n","protected":false},"excerpt":{"rendered":"<p>Badger C1 12TOP: Lett RMR-feste for optikk plassert klokken 12<\/p>\n","protected":false},"featured_media":35415,"template":"","meta":{"_acf_changed":false},"product_brand":[11093],"product_cat":[13288,13287],"product_tag":[],"class_list":{"0":"post-205273","1":"product","2":"type-product","3":"status-publish","4":"has-post-thumbnail","6":"product_brand-badger-ordnance","7":"product_cat-red-dots","8":"product_cat-sikting","10":"first","11":"instock","12":"taxable","13":"shipping-taxable","14":"purchasable","15":"product-type-simple"},"acf":[],"_links":{"self":[{"href":"https:\/\/staging.nbg.eu\/no\/wp-json\/wp\/v2\/product\/205273","targetHints":{"allow":["GET"]}}],"collection":[{"href":"https:\/\/staging.nbg.eu\/no\/wp-json\/wp\/v2\/product"}],"about":[{"href":"https:\/\/staging.nbg.eu\/no\/wp-json\/wp\/v2\/types\/product"}],"wp:featuredmedia":[{"embeddable":true,"href":"https:\/\/staging.nbg.eu\/no\/wp-json\/wp\/v2\/media\/35415"}],"wp:attachment":[{"href":"https:\/\/staging.nbg.eu\/no\/wp-json\/wp\/v2\/media?parent=205273"}],"wp:term":[{"taxonomy":"product_brand","embeddable":true,"href":"https:\/\/staging.nbg.eu\/no\/wp-json\/wp\/v2\/product_brand?post=205273"},{"taxonomy":"product_cat","embeddable":true,"href":"https:\/\/staging.nbg.eu\/no\/wp-json\/wp\/v2\/product_cat?post=205273"},{"taxonomy":"product_tag","embeddable":true,"href":"https:\/\/staging.nbg.eu\/no\/wp-json\/wp\/v2\/product_tag?post=205273"}],"curies":[{"name":"wp","href":"https:\/\/api.w.org\/{rel}","templated":true}]}}