{"id":199846,"date":"2024-07-29T19:03:50","date_gmt":"2025-02-11T11:22:26","guid":{"rendered":"https:\/\/staging.nbg.eu\/product\/the-shear-hammock\/"},"modified":"2025-02-11T11:24:37","modified_gmt":"2025-02-11T11:24:37","slug":"the-shear-hengekoye","status":"publish","type":"product","link":"https:\/\/staging.nbg.eu\/no\/produkt\/the-shear-hengekoye\/","title":{"rendered":"The Shear Hengek\u00f8ye"},"content":{"rendered":"<div class=\"product-description\">\n<h2>Saks-hengek\u00f8ye<\/h2>\n<p>Saks-hengek\u00f8ye er en l\u00f8sning for \u00e5 b\u00e6re medisinsk utstyr. Dette produktet gir en m\u00e5te \u00e5 b\u00e6re en tourniquet, saks eller andre gjenstander av lignende st\u00f8rrelse p\u00e5 eksisterende belte eller MOLLE-montert veske.<\/p>\n<h2>Hovedfunksjoner:<\/h2>\n<ul>\n<li>Kan festes til MOLLE eller belte<\/li>\n<li>Utformet for rask bruk<\/li>\n<li>Passer til CAT tourniquet og andre gjenstander av lignende st\u00f8rrelse<\/li>\n<li>Beskytter utstyr mot UV-str\u00e5ler, v\u00e6r, skitt og rusk<\/li>\n<li>Krever ikke ekstra monteringsplass<\/li>\n<\/ul>\n<h2>Spesifikasjoner:<\/h2>\n<ul>\n<li>Vekt: 19g<\/li>\n<li>Delenummer: TSP-TQ-01<\/li>\n<li>Dimensjoner (tom): 12,7 cm x 7,6 cm x 0,95 cm<\/li>\n<li>Dimensjoner (full): 12,7 cm x 7,6 cm x 6,35 cm<\/li>\n<li>Materialer: Ultracomp, fargebestandig CORDURA\u00ae-vev<\/li>\n<li>Tilgjengelige farger: Svart, Coyote Brun og Multicam<\/li>\n<\/ul>\n<p>Saks-hengek\u00f8ye kan brukes sammen med Micro Trauma Kit NOW!\u00ae, slik at du kan ha tourniquet lett tilgjengelig uten \u00e5 ofre plass eller beskyttelse. Den kan monteres p\u00e5 enhver MOLLE- eller beltemontert Micro TKN, eller en annen MOLLE-veske med 3-kolonners MOLLE-fotavtrykk.<\/p>\n<p>Saks-hengek\u00f8ye er tilgjengelig for kritisk medisinsk utstyr.<\/p>\n<\/div>\n","protected":false},"excerpt":{"rendered":"<p>Hurtigtilgang-hammock for turnikeer og sakser p\u00e5 MOLLE-utstyr.<\/p>\n","protected":false},"featured_media":153989,"template":"","meta":{"_acf_changed":false},"product_brand":[11136],"product_cat":[13269,13313,13278],"product_tag":[],"class_list":{"0":"post-199846","1":"product","2":"type-product","3":"status-publish","4":"has-post-thumbnail","6":"product_brand-blue-force-gear","7":"product_cat-lommer","8":"product_cat-medisinsk","9":"product_cat-utstyr","11":"first","12":"instock","13":"taxable","14":"shipping-taxable","15":"purchasable","16":"product-type-variable","17":"wvs-archive-product-wrapper"},"acf":[],"_links":{"self":[{"href":"https:\/\/staging.nbg.eu\/no\/wp-json\/wp\/v2\/product\/199846","targetHints":{"allow":["GET"]}}],"collection":[{"href":"https:\/\/staging.nbg.eu\/no\/wp-json\/wp\/v2\/product"}],"about":[{"href":"https:\/\/staging.nbg.eu\/no\/wp-json\/wp\/v2\/types\/product"}],"wp:featuredmedia":[{"embeddable":true,"href":"https:\/\/staging.nbg.eu\/no\/wp-json\/wp\/v2\/media\/153989"}],"wp:attachment":[{"href":"https:\/\/staging.nbg.eu\/no\/wp-json\/wp\/v2\/media?parent=199846"}],"wp:term":[{"taxonomy":"product_brand","embeddable":true,"href":"https:\/\/staging.nbg.eu\/no\/wp-json\/wp\/v2\/product_brand?post=199846"},{"taxonomy":"product_cat","embeddable":true,"href":"https:\/\/staging.nbg.eu\/no\/wp-json\/wp\/v2\/product_cat?post=199846"},{"taxonomy":"product_tag","embeddable":true,"href":"https:\/\/staging.nbg.eu\/no\/wp-json\/wp\/v2\/product_tag?post=199846"}],"curies":[{"name":"wp","href":"https:\/\/api.w.org\/{rel}","templated":true}]}}