{"id":190132,"date":"2024-09-18T17:53:25","date_gmt":"2024-09-18T17:53:25","guid":{"rendered":"https:\/\/staging.nbg.eu\/product\/holosun-he509t-rd-x2\/"},"modified":"2025-02-04T15:11:52","modified_gmt":"2025-02-04T15:11:52","slug":"holosun-he509t-rd-x2","status":"publish","type":"product","link":"https:\/\/staging.nbg.eu\/no\/produkt\/holosun-he509t-rd-x2\/","title":{"rendered":"Holosun HE509T-RD X2"},"content":{"rendered":"<h2>Holosun HE509T-RD X2: Lukket LED-sikte<\/h2>\n<p>Holosun HE509T-RD X2 er et lukket LED-sikte designet for h\u00e5ndv\u00e5pen. Dette siktet kombinerer holdbarhet, allsidighet og teknologi for \u00e5 levere ytelse i alle situasjoner.<\/p>\n<h2>Hovedfunksjoner:<\/h2>\n<ul>\n<li>Grad 5 titaniumhus for styrke og korrosjonsbestandighet<\/li>\n<li>Nitrogenfylt for t\u00e5kefri ytelse<\/li>\n<li>LED-teknologi med opptil 50 000 timers batterilevetid<\/li>\n<li>Multi-retikkelsystem (MRS) med 2 MOA prikk, 32 MOA sirkel, eller sirkel-prikk kombinasjon<\/li>\n<li>Solar Failsafe-teknologi for reservestr\u00f8m<\/li>\n<li>Shake Awake-teknologi for forlenget batterilevetid<\/li>\n<li>12 lysstyrkeinnstillinger, inkludert 2 nattsynkompatible moduser<\/li>\n<li>Forbedret glassklarhet i X2-versjonen<\/li>\n<li>L\u00e5semodus for sikre innstillinger<\/li>\n<li>Inkludert adapterplate for RMR-stil fotavtrykk-kompatibilitet<\/li>\n<\/ul>\n<h2>Avanserte teknologier:<\/h2>\n<h3>Solar Failsafe\u2122<\/h3>\n<p>Denne funksjonen gir en reservestr\u00f8mkilde ved hjelp av naturlig eller kunstig lys. I Auto-modus justeres retikkelintensiteten automatisk basert p\u00e5 lysforholdene.<\/p>\n<h3>Shake Awake\u2122<\/h3>\n<p>Forleng batterilevetiden med Shake Awake-teknologi, som deaktiverer LED-en n\u00e5r den ikke er i bruk og reaktiverer den \u00f8yeblikkelig ved bevegelse. Tilpassbare innstillinger tillater optimal str\u00f8mstyring.<\/p>\n<h3>Multi-retikkelsystem (MRS)<\/h3>\n<p>Velg mellom en 2 MOA prikk, 32 MOA sirkel, eller en sirkel-prikk kombinasjon for allsidige siktevalg tilpasset ulike situasjoner og personlige preferanser.<\/p>\n<h3>Titaniumhus<\/h3>\n<p>Grad 5 Titaniumhuset gir styrke, holdbarhet og korrosjonsbestandighet, noe som gj\u00f8r det egnet for harde milj\u00f8er, inkludert maritim bruk.<\/p>\n<h3>Flerlagsreflekterende glass<\/h3>\n<p>Glasslinser med avanserte flerlagsbelegg sikrer maksimal lystransmisjon, redusert blending og retikkelintensitet og klarhet.<\/p>\n<h2>Tekniske spesifikasjoner:<\/h2>\n<ul>\n<li>Vinduest\u00f8rrelse: 0,66&#8243; x 0,9&#8243;<\/li>\n<li>Dimensjoner: 1,6&#8243; x 1,16&#8243; x 1,13&#8243;<\/li>\n<li>Vekt: 1,72 oz<\/li>\n<li>Husmateriale: Grad 5 Titanium<\/li>\n<li>Justering per klikk: 1 MOA<\/li>\n<li>Vindage &amp; Elevasjon rekkevidde: \u00b130 MOA<\/li>\n<li>Driftstemperatur: -30\u00b0C til 60\u00b0C<\/li>\n<li>Lagringstemperatur: -40\u00b0C til 70\u00b0C<\/li>\n<li>Vannmotstand: IP67-klassifisert<\/li>\n<li>Vibrasjonsbestandighet: 5000G<\/li>\n<\/ul>\n<p>Holosun HE509T-RD X2 kombinerer holdbarhet, teknologi og presisjonsytelse i en kompakt pakke.<\/p>\n","protected":false},"excerpt":{"rendered":"<p>Robust LED-sikte i titaniumhus for h\u00e5ndv\u00e5pen. Sol-drevet, Shake Awake-funksjon, flere siktepunkter.<\/p>\n","protected":false},"featured_media":64761,"template":"","meta":{"_acf_changed":false},"product_brand":[11439],"product_cat":[13268,13267,13288,13287],"product_tag":[],"class_list":{"0":"post-190132","1":"product","2":"type-product","3":"status-publish","4":"has-post-thumbnail","6":"product_brand-holosun","7":"product_cat-pistol","8":"product_cat-pistol-dots","9":"product_cat-red-dots","10":"product_cat-sikting","12":"first","13":"outofstock","14":"taxable","15":"shipping-taxable","16":"purchasable","17":"product-type-simple"},"acf":[],"_links":{"self":[{"href":"https:\/\/staging.nbg.eu\/no\/wp-json\/wp\/v2\/product\/190132","targetHints":{"allow":["GET"]}}],"collection":[{"href":"https:\/\/staging.nbg.eu\/no\/wp-json\/wp\/v2\/product"}],"about":[{"href":"https:\/\/staging.nbg.eu\/no\/wp-json\/wp\/v2\/types\/product"}],"wp:featuredmedia":[{"embeddable":true,"href":"https:\/\/staging.nbg.eu\/no\/wp-json\/wp\/v2\/media\/64761"}],"wp:attachment":[{"href":"https:\/\/staging.nbg.eu\/no\/wp-json\/wp\/v2\/media?parent=190132"}],"wp:term":[{"taxonomy":"product_brand","embeddable":true,"href":"https:\/\/staging.nbg.eu\/no\/wp-json\/wp\/v2\/product_brand?post=190132"},{"taxonomy":"product_cat","embeddable":true,"href":"https:\/\/staging.nbg.eu\/no\/wp-json\/wp\/v2\/product_cat?post=190132"},{"taxonomy":"product_tag","embeddable":true,"href":"https:\/\/staging.nbg.eu\/no\/wp-json\/wp\/v2\/product_tag?post=190132"}],"curies":[{"name":"wp","href":"https:\/\/api.w.org\/{rel}","templated":true}]}}