{"id":181366,"date":"2024-04-19T07:15:03","date_gmt":"2025-01-30T06:23:39","guid":{"rendered":"https:\/\/staging.nbg.eu\/product\/blue-force-gear-burnsed-socket\/"},"modified":"2025-01-30T06:25:39","modified_gmt":"2025-01-30T06:25:39","slug":"blue-force-gear-burnsed-socket","status":"publish","type":"product","link":"https:\/\/staging.nbg.eu\/no\/produkt\/blue-force-gear-burnsed-socket\/","title":{"rendered":"Blue Force Gear Burnsed Socket"},"content":{"rendered":"<div>\n<p style=\"text-align: center\"><strong>Burnsed Socket<\/strong><\/p>\n<p>Burnsed Socket av Blue Force Gear &#8211; Burnsed Socket er en frittst\u00e5ende del som gj\u00f8r en Vickers Combat Applications Sling om til en 2-til-1-punkts konvertibel slynge n\u00e5r den brukes sammen med en Push Button Sling Swivel eller RED Swivel. Burnsed Socket ble designet i 2005 som en viktig del av den patenterte SOC-C Sling, som muliggj\u00f8r en 1-til-2-til-3-punkts konvertibel slynge.<\/p>\n<p>Gj\u00f8r slyngen mer allsidig &#8211; Skyv Burnsed Socket p\u00e5 bakre del av slyngen mot bakre mottaker eller typisk enkeltpunkts slyngeposisjon, og koble deretter den fremre trykknappsvivelen fra v\u00e5penets front og fest den til Burnsed Socket.<\/p>\n<p>***Slynge ikke inkludert. Inkluderer kun 1 Burnsed Socket-hardvaredel***<\/p>\n<p>To hardvarealternativer:<\/p>\n<ul>\n<li>Maskinert aluminium &#8211; for en ultraholdbar forbindelse, denne frest Burnsed Socket er hard anodisert i matt svart.<\/li>\n<li>St\u00f8pt polymer &#8211; for et lett, enkelt slyngefestepunkt tilgjengelig i svart.<\/li>\n<\/ul>\n<p>Laget i USA &#8211; Som med alt Blue Force Gear, er det produsert med kvalitet i USA og har v\u00e5r begrensede livstidsgaranti.<\/p>\n<p style=\"text-align: center\"><strong>SPESIFIKASJONER<\/strong><\/p>\n<table>\n<tr>\n<td><strong>Egenskaper<\/strong><\/td>\n<td>Fungerer sammen med enhver Push Button Sling Swivel eller EDTM Swivel for en 2-til-1-punkts konvertibel slynge (selges separat). Muliggj\u00f8r heldagsb\u00e6ring av et v\u00e5pen i 2-punktsmodus for maksimal kontroll og komfort og konverteres raskt til en enkeltpunkts slynge for dynamiske milj\u00f8er.<\/td>\n<\/tr>\n<tr>\n<td><strong>Vekt<\/strong><\/td>\n<td>13g<\/td>\n<\/tr>\n<tr>\n<td><strong>St\u00f8rrelse<\/strong><\/td>\n<td>0,75&#8243; x 1,5&#8243; x 0,5&#8243; &#8211; Passer p\u00e5 alle 1&#8243; eller 1,25&#8243; slyngewebbing (Victory Series Sling, Vickers Combat Applications Sling)<\/td>\n<\/tr>\n<tr>\n<td><strong>Materiale(r)<\/strong><\/td>\n<td>\u2022 Maskinert aluminium<br \/>\u2022 St\u00f8pt polymer<\/td>\n<\/tr>\n<tr>\n<td><strong>Tilleggsinformasjon<\/strong><\/td>\n<td>Som en generell regel, sm\u00f8r alle Push Button Swivels og Burnsed Socket hver gang vertsv\u00e5penet sm\u00f8res.<\/td>\n<\/tr>\n<\/table>\n<\/div>\n","protected":false},"excerpt":{"rendered":"<p><span style=\"font-size: 110%\"><strong>Gj\u00f8r slingen din mer allsidig<\/strong><\/span><\/p>\n","protected":false},"featured_media":163257,"template":"","meta":{"_acf_changed":false},"product_brand":[11136],"product_cat":[13274,13278],"product_tag":[],"class_list":{"0":"post-181366","1":"product","2":"type-product","3":"status-publish","4":"has-post-thumbnail","6":"product_brand-blue-force-gear","7":"product_cat-baereremmer","8":"product_cat-utstyr","10":"first","11":"instock","12":"taxable","13":"shipping-taxable","14":"purchasable","15":"product-type-simple"},"acf":[],"_links":{"self":[{"href":"https:\/\/staging.nbg.eu\/no\/wp-json\/wp\/v2\/product\/181366","targetHints":{"allow":["GET"]}}],"collection":[{"href":"https:\/\/staging.nbg.eu\/no\/wp-json\/wp\/v2\/product"}],"about":[{"href":"https:\/\/staging.nbg.eu\/no\/wp-json\/wp\/v2\/types\/product"}],"wp:featuredmedia":[{"embeddable":true,"href":"https:\/\/staging.nbg.eu\/no\/wp-json\/wp\/v2\/media\/163257"}],"wp:attachment":[{"href":"https:\/\/staging.nbg.eu\/no\/wp-json\/wp\/v2\/media?parent=181366"}],"wp:term":[{"taxonomy":"product_brand","embeddable":true,"href":"https:\/\/staging.nbg.eu\/no\/wp-json\/wp\/v2\/product_brand?post=181366"},{"taxonomy":"product_cat","embeddable":true,"href":"https:\/\/staging.nbg.eu\/no\/wp-json\/wp\/v2\/product_cat?post=181366"},{"taxonomy":"product_tag","embeddable":true,"href":"https:\/\/staging.nbg.eu\/no\/wp-json\/wp\/v2\/product_tag?post=181366"}],"curies":[{"name":"wp","href":"https:\/\/api.w.org\/{rel}","templated":true}]}}