{"id":170433,"date":"2024-11-06T20:55:17","date_gmt":"2025-01-21T09:35:26","guid":{"rendered":"https:\/\/staging.nbg.eu\/product\/throw-lever-sai-optics\/"},"modified":"2025-01-21T09:37:33","modified_gmt":"2025-01-21T09:37:33","slug":"kastspak-sai-optics","status":"publish","type":"product","link":"https:\/\/staging.nbg.eu\/no\/produkt\/kastspak-sai-optics\/","title":{"rendered":"Kastspak SAI Optics"},"content":{"rendered":"<div class=\"product-description\">\n<h2>Throw Lever SAI Optikk<\/h2>\n<ul>\n<li>Rask overgang mellom 1x og 6x forst\u00f8rrelse<\/li>\n<li>Ergonomisk design for enkel betjening<\/li>\n<\/ul>\n<p>SAI 6\u2122 throw lever lar deg raskt justere forst\u00f8rrelsen uten \u00e5 miste m\u00e5let av syne.<\/p>\n<\/div>\n","protected":false},"excerpt":{"rendered":"<p>Hurtig 1x-6x forst\u00f8rrelsesbryter.<\/p>\n","protected":false},"featured_media":78882,"template":"","meta":{"_acf_changed":false},"product_brand":[11713],"product_cat":[13255,13287],"product_tag":[],"class_list":{"0":"post-170433","1":"product","2":"type-product","3":"status-publish","4":"has-post-thumbnail","6":"product_brand-sai-optics","7":"product_cat-forstorret-optikk","8":"product_cat-sikting","10":"first","11":"instock","12":"taxable","13":"shipping-taxable","14":"purchasable","15":"product-type-variable","16":"wvs-archive-product-wrapper"},"acf":[],"_links":{"self":[{"href":"https:\/\/staging.nbg.eu\/no\/wp-json\/wp\/v2\/product\/170433","targetHints":{"allow":["GET"]}}],"collection":[{"href":"https:\/\/staging.nbg.eu\/no\/wp-json\/wp\/v2\/product"}],"about":[{"href":"https:\/\/staging.nbg.eu\/no\/wp-json\/wp\/v2\/types\/product"}],"wp:featuredmedia":[{"embeddable":true,"href":"https:\/\/staging.nbg.eu\/no\/wp-json\/wp\/v2\/media\/78882"}],"wp:attachment":[{"href":"https:\/\/staging.nbg.eu\/no\/wp-json\/wp\/v2\/media?parent=170433"}],"wp:term":[{"taxonomy":"product_brand","embeddable":true,"href":"https:\/\/staging.nbg.eu\/no\/wp-json\/wp\/v2\/product_brand?post=170433"},{"taxonomy":"product_cat","embeddable":true,"href":"https:\/\/staging.nbg.eu\/no\/wp-json\/wp\/v2\/product_cat?post=170433"},{"taxonomy":"product_tag","embeddable":true,"href":"https:\/\/staging.nbg.eu\/no\/wp-json\/wp\/v2\/product_tag?post=170433"}],"curies":[{"name":"wp","href":"https:\/\/api.w.org\/{rel}","templated":true}]}}