{"id":141392,"date":"2025-01-04T07:20:19","date_gmt":"2025-01-10T22:33:08","guid":{"rendered":"https:\/\/staging.nbg.eu\/product\/area-419-arcalock-clamp\/"},"modified":"2025-01-10T22:34:52","modified_gmt":"2025-01-10T22:34:52","slug":"area-419-arcalock-klemme","status":"publish","type":"product","link":"https:\/\/staging.nbg.eu\/no\/produkt\/area-419-arcalock-klemme\/","title":{"rendered":"Area 419 &#8211; ARCALOCK Klemme"},"content":{"rendered":"<div class=\"product-description\">\n<h2>Area 419 &#8211; ARCALOCK Klemme<\/h2>\n<p>ARCALOCK Klemme fra Area 419 fungerer p\u00e5 alle standard ARCA\/1,5&#8243; svalehalesskinner og tilbyr en mekanisk l\u00e5st l\u00f8sning for \u00f8kt stabilitet.<\/p>\n<ul>\n<li>To-trinns skruedesign for rask bevegelse og ekstra moment<\/li>\n<li>Kompatibel med Atlas Bipods og kan tilpasses Harris Bipods<\/li>\n<li>Kan brukes som barrikadestoppfunksjon<\/li>\n<li>Bakoverkompatibel med standard ARCA-skinner<\/li>\n<li>Maskinert fra 6061-T6 aluminium med Type III hardcoat anodisering<\/li>\n<li>Vekt p\u00e5 72,5 gram<\/li>\n<\/ul>\n<p>Area 419 ARCALOCK Klemme er en oppgradering for presisjongev\u00e6roppsett.<\/p>\n<\/div>\n","protected":false},"excerpt":{"rendered":"<p>Sikker ARCA-klemme med l\u00e5semekanisme for presisjonrifler.<\/p>\n","protected":false},"featured_media":115254,"template":"","meta":{"_acf_changed":false},"product_brand":[11046],"product_cat":[13311,13259],"product_tag":[],"class_list":{"0":"post-141392","1":"product","2":"type-product","3":"status-publish","4":"has-post-thumbnail","6":"product_brand-area-419","7":"product_cat-rifle","8":"product_cat-skinner","10":"first","11":"instock","12":"taxable","13":"shipping-taxable","14":"purchasable","15":"product-type-simple"},"acf":[],"_links":{"self":[{"href":"https:\/\/staging.nbg.eu\/no\/wp-json\/wp\/v2\/product\/141392","targetHints":{"allow":["GET"]}}],"collection":[{"href":"https:\/\/staging.nbg.eu\/no\/wp-json\/wp\/v2\/product"}],"about":[{"href":"https:\/\/staging.nbg.eu\/no\/wp-json\/wp\/v2\/types\/product"}],"wp:featuredmedia":[{"embeddable":true,"href":"https:\/\/staging.nbg.eu\/no\/wp-json\/wp\/v2\/media\/115254"}],"wp:attachment":[{"href":"https:\/\/staging.nbg.eu\/no\/wp-json\/wp\/v2\/media?parent=141392"}],"wp:term":[{"taxonomy":"product_brand","embeddable":true,"href":"https:\/\/staging.nbg.eu\/no\/wp-json\/wp\/v2\/product_brand?post=141392"},{"taxonomy":"product_cat","embeddable":true,"href":"https:\/\/staging.nbg.eu\/no\/wp-json\/wp\/v2\/product_cat?post=141392"},{"taxonomy":"product_tag","embeddable":true,"href":"https:\/\/staging.nbg.eu\/no\/wp-json\/wp\/v2\/product_tag?post=141392"}],"curies":[{"name":"wp","href":"https:\/\/api.w.org\/{rel}","templated":true}]}}