{"id":141274,"date":"2025-01-04T07:26:25","date_gmt":"2025-01-10T21:46:27","guid":{"rendered":"https:\/\/staging.nbg.eu\/product\/area-419-arcalock-clamp-black\/"},"modified":"2025-01-10T21:48:12","modified_gmt":"2025-01-10T21:48:12","slug":"area-419-arcalock-klemme-svart","status":"publish","type":"product","link":"https:\/\/staging.nbg.eu\/no\/produkt\/area-419-arcalock-klemme-svart\/","title":{"rendered":"Area 419 &#8211; ARCALOCK Klemme svart"},"content":{"rendered":"<div class=\"product-description\">\n<h2>Area 419 &#8211; ARCALOCK Klemme (Svart)<\/h2>\n<p>Area 419 ARCALOCK Klemme i svart. Denne klemmen fungerer p\u00e5 alle standard ARCA\/1,5&#8243; svalehalesskinner, og tilbyr en mekanisk l\u00e5st l\u00f8sning for \u00f8kt stabilitet.<\/p>\n<ul>\n<li>To-trinns skruedesign for rask bevegelse og ekstra dreiemoment<\/li>\n<li>Kompatibel med Atlas Bipods og kan tilpasses for Harris Bipods<\/li>\n<li>Bakoverkompatibel med standard ARCA-skinner<\/li>\n<li>Maskinert fra 6061-T6 aluminium med Type III hardanodisert svart overflate<\/li>\n<li>303 rustfritt st\u00e5l skrue<\/li>\n<li>Vekt: 72,5 gram<\/li>\n<\/ul>\n<p>Area 419 ARCALOCK Klemme er designet og produsert i USA.<\/p>\n<\/div>\n","protected":false},"excerpt":{"rendered":"<p>Sikker ARCA-skinne klemme med svart knott for presisjonsv\u00e5pen.<\/p>\n","protected":false},"featured_media":115378,"template":"","meta":{"_acf_changed":false},"product_brand":[11046],"product_cat":[13311,13259,390],"product_tag":[],"class_list":{"0":"post-141274","1":"product","2":"type-product","3":"status-publish","4":"has-post-thumbnail","6":"product_brand-area-419","7":"product_cat-rifle","8":"product_cat-skinner","9":"product_cat-aiming","11":"first","12":"instock","13":"taxable","14":"shipping-taxable","15":"purchasable","16":"product-type-simple"},"acf":[],"_links":{"self":[{"href":"https:\/\/staging.nbg.eu\/no\/wp-json\/wp\/v2\/product\/141274","targetHints":{"allow":["GET"]}}],"collection":[{"href":"https:\/\/staging.nbg.eu\/no\/wp-json\/wp\/v2\/product"}],"about":[{"href":"https:\/\/staging.nbg.eu\/no\/wp-json\/wp\/v2\/types\/product"}],"wp:featuredmedia":[{"embeddable":true,"href":"https:\/\/staging.nbg.eu\/no\/wp-json\/wp\/v2\/media\/115378"}],"wp:attachment":[{"href":"https:\/\/staging.nbg.eu\/no\/wp-json\/wp\/v2\/media?parent=141274"}],"wp:term":[{"taxonomy":"product_brand","embeddable":true,"href":"https:\/\/staging.nbg.eu\/no\/wp-json\/wp\/v2\/product_brand?post=141274"},{"taxonomy":"product_cat","embeddable":true,"href":"https:\/\/staging.nbg.eu\/no\/wp-json\/wp\/v2\/product_cat?post=141274"},{"taxonomy":"product_tag","embeddable":true,"href":"https:\/\/staging.nbg.eu\/no\/wp-json\/wp\/v2\/product_tag?post=141274"}],"curies":[{"name":"wp","href":"https:\/\/api.w.org\/{rel}","templated":true}]}}