{"id":140979,"date":"2025-01-04T08:28:27","date_gmt":"2025-01-04T08:28:27","guid":{"rendered":"https:\/\/staging.nbg.eu\/product\/area-419-arcalock-dual-clamp-with-picatinny\/"},"modified":"2025-01-10T19:10:14","modified_gmt":"2025-01-10T19:10:14","slug":"area-419-arcalock-dobbel-klemme-med-picatinny","status":"publish","type":"product","link":"https:\/\/staging.nbg.eu\/no\/produkt\/area-419-arcalock-dobbel-klemme-med-picatinny\/","title":{"rendered":"Area 419 &#8211; ARCALOCK Dobbel-Klemme med Picatinny"},"content":{"rendered":"<div class=\"product-description\">\n<h2>Area 419 &#8211; ARCALOCK Dobbel-klemme med Picatinny<\/h2>\n<p>En klemme for rifler med dobbel funksjonalitet for ARCALOCK og Picatinny-skinner. Produsert i USA.<\/p>\n<ul>\n<li>Justerbar spenning for passform p\u00e5 begge overflater<\/li>\n<li>&laquo;P\u00e5\/Av&raquo; ARCALOCK-bryter for kompatibilitet med ulike produsenter<\/li>\n<li>Komponenter i herdet st\u00e5l for Picatinny-feste<\/li>\n<li>ARMS 17S-feste for bruk med popul\u00e6re tofot<\/li>\n<\/ul>\n<p>Laget av 6061-T6 aluminium og rustfritt st\u00e5l. Vekt: 1,25 lb. M\u00e5l: 6&#8243; \u00d7 3,5&#8243; \u00d7 2&#8243;. For skyttere som bruker middels til lang rekkevidde.<\/p>\n<p><strong>Merk:<\/strong> Ikke kompatibel med alle Area 419 ARCALOCK-enheter, inkludert Garmin XERO Arms og RailChanger X.<\/p>\n<\/div>\n","protected":false},"excerpt":{"rendered":"<p>Allsidig ARCALOCK\/Picatinny-klemme for presisjonsskyting.<\/p>\n","protected":false},"featured_media":115957,"template":"","meta":{"_acf_changed":false},"product_brand":[11046],"product_cat":[13311,13259],"product_tag":[],"class_list":{"0":"post-140979","1":"product","2":"type-product","3":"status-publish","4":"has-post-thumbnail","6":"product_brand-area-419","7":"product_cat-rifle","8":"product_cat-skinner","10":"first","11":"outofstock","12":"taxable","13":"shipping-taxable","14":"purchasable","15":"product-type-simple"},"acf":[],"_links":{"self":[{"href":"https:\/\/staging.nbg.eu\/no\/wp-json\/wp\/v2\/product\/140979","targetHints":{"allow":["GET"]}}],"collection":[{"href":"https:\/\/staging.nbg.eu\/no\/wp-json\/wp\/v2\/product"}],"about":[{"href":"https:\/\/staging.nbg.eu\/no\/wp-json\/wp\/v2\/types\/product"}],"wp:featuredmedia":[{"embeddable":true,"href":"https:\/\/staging.nbg.eu\/no\/wp-json\/wp\/v2\/media\/115957"}],"wp:attachment":[{"href":"https:\/\/staging.nbg.eu\/no\/wp-json\/wp\/v2\/media?parent=140979"}],"wp:term":[{"taxonomy":"product_brand","embeddable":true,"href":"https:\/\/staging.nbg.eu\/no\/wp-json\/wp\/v2\/product_brand?post=140979"},{"taxonomy":"product_cat","embeddable":true,"href":"https:\/\/staging.nbg.eu\/no\/wp-json\/wp\/v2\/product_cat?post=140979"},{"taxonomy":"product_tag","embeddable":true,"href":"https:\/\/staging.nbg.eu\/no\/wp-json\/wp\/v2\/product_tag?post=140979"}],"curies":[{"name":"wp","href":"https:\/\/api.w.org\/{rel}","templated":true}]}}