{"id":140873,"date":"2025-01-04T07:33:44","date_gmt":"2025-01-10T19:01:49","guid":{"rendered":"https:\/\/staging.nbg.eu\/product\/area-419-arcalock-qd-clamp\/"},"modified":"2025-01-10T19:03:37","modified_gmt":"2025-01-10T19:03:37","slug":"area-419-arcalock-qd-klemme","status":"publish","type":"product","link":"https:\/\/staging.nbg.eu\/no\/produkt\/area-419-arcalock-qd-klemme\/","title":{"rendered":"Area 419 &#8211; ARCALOCK QD Klemme"},"content":{"rendered":"<div class=\"product-description\">\n<h2>Area 419 &#8211; ARCALOCK QD Klemme<\/h2>\n<p>Area 419 ARCALOCK QD Klemme fungerer p\u00e5 alle standard ARCA\/1,5&#8243; svalehalesskinner og tilbyr en mekanisk l\u00e5st l\u00f8sning for \u00f8kt stabilitet.<\/p>\n<ul>\n<li>To-trinns skruedesign for rask bevegelse og ekstra dreiemoment<\/li>\n<li>Kompatibel med Atlas Bipods og kan tilpasses Harris Bipods<\/li>\n<li>Bakoverkompatibel med standard ARCA-skinner<\/li>\n<li>Laget av 6061-T6 aluminium med Type III Hardcoat sort anodisering<\/li>\n<li>303 rustfritt st\u00e5l skrue for holdbarhet<\/li>\n<li>Vekt p\u00e5 72,5 gram<\/li>\n<\/ul>\n<p>ARCALOCK QD Klemme er designet og produsert i USA av Area 419.<\/p>\n<\/div>\n","protected":false},"excerpt":{"rendered":"<p>Hurtigl\u00f8sende ARCA-klemme med l\u00e5semekanisme for sikker montering.<\/p>\n","protected":false},"featured_media":115500,"template":"","meta":{"_acf_changed":false},"product_brand":[11046],"product_cat":[13311,13259,390],"product_tag":[],"class_list":{"0":"post-140873","1":"product","2":"type-product","3":"status-publish","4":"has-post-thumbnail","6":"product_brand-area-419","7":"product_cat-rifle","8":"product_cat-skinner","9":"product_cat-aiming","11":"first","12":"instock","13":"taxable","14":"shipping-taxable","15":"purchasable","16":"product-type-simple"},"acf":[],"_links":{"self":[{"href":"https:\/\/staging.nbg.eu\/no\/wp-json\/wp\/v2\/product\/140873","targetHints":{"allow":["GET"]}}],"collection":[{"href":"https:\/\/staging.nbg.eu\/no\/wp-json\/wp\/v2\/product"}],"about":[{"href":"https:\/\/staging.nbg.eu\/no\/wp-json\/wp\/v2\/types\/product"}],"wp:featuredmedia":[{"embeddable":true,"href":"https:\/\/staging.nbg.eu\/no\/wp-json\/wp\/v2\/media\/115500"}],"wp:attachment":[{"href":"https:\/\/staging.nbg.eu\/no\/wp-json\/wp\/v2\/media?parent=140873"}],"wp:term":[{"taxonomy":"product_brand","embeddable":true,"href":"https:\/\/staging.nbg.eu\/no\/wp-json\/wp\/v2\/product_brand?post=140873"},{"taxonomy":"product_cat","embeddable":true,"href":"https:\/\/staging.nbg.eu\/no\/wp-json\/wp\/v2\/product_cat?post=140873"},{"taxonomy":"product_tag","embeddable":true,"href":"https:\/\/staging.nbg.eu\/no\/wp-json\/wp\/v2\/product_tag?post=140873"}],"curies":[{"name":"wp","href":"https:\/\/api.w.org\/{rel}","templated":true}]}}