{"id":140587,"date":"2025-01-04T07:09:46","date_gmt":"2025-01-10T17:49:06","guid":{"rendered":"https:\/\/staging.nbg.eu\/product\/area-419-arcalock-arm-for-garmin-xero\/"},"modified":"2025-01-10T17:51:03","modified_gmt":"2025-01-10T17:51:03","slug":"area-419-arcalock-arm-for-garmin-xero","status":"publish","type":"product","link":"https:\/\/staging.nbg.eu\/no\/produkt\/area-419-arcalock-arm-for-garmin-xero\/","title":{"rendered":"Area 419 &#8211; ARCALOCK Arm for Garmin Xero"},"content":{"rendered":"<div class=\"product-description\">\n<h2>Area 419 &#8211; ARCALOCK-arm for Garmin Xero C1<\/h2>\n<p>ARCALOCK-armen gir flere monteringsmuligheter for din Garmin Xero C1:<\/p>\n<ul>\n<li>P\u00e5 linje med l\u00f8pet (stupefjel eller sidemontert)<\/li>\n<li>Forskj\u00f8vet ved bruk av ARCA-skinne eller forlenget picatinny-skinne<\/li>\n<li>Avtakbar for bruk p\u00e5 alle ARCA-kompatible stativer<\/li>\n<\/ul>\n<p>Armen er laget av aluminium og har et 17S-monteringsm\u00f8nster som er kompatibelt med v\u00e5re Arcalock-klemmer eller QD picatinny-spakklemme. Passer til Garmin Xero C1 Chronograph.<\/p>\n<h3>Spesifikasjoner:<\/h3>\n<ul>\n<li>Vekt: 454 gram<\/li>\n<li>M\u00e5l: 15,24 cm \u00d7 10,16 cm \u00d7 2,54 cm<\/li>\n<\/ul>\n<\/div>\n","protected":false},"excerpt":{"rendered":"<p>Allsidig feste for Garmin Xero C1: Kompatibel med l\u00f8p, skinne eller stativ.<\/p>\n","protected":false},"featured_media":114888,"template":"","meta":{"_acf_changed":false},"product_brand":[11046],"product_cat":[13311,13259],"product_tag":[],"class_list":{"0":"post-140587","1":"product","2":"type-product","3":"status-publish","4":"has-post-thumbnail","6":"product_brand-area-419","7":"product_cat-rifle","8":"product_cat-skinner","10":"first","11":"instock","12":"taxable","13":"shipping-taxable","14":"purchasable","15":"product-type-variable","16":"wvs-archive-product-wrapper"},"acf":[],"_links":{"self":[{"href":"https:\/\/staging.nbg.eu\/no\/wp-json\/wp\/v2\/product\/140587","targetHints":{"allow":["GET"]}}],"collection":[{"href":"https:\/\/staging.nbg.eu\/no\/wp-json\/wp\/v2\/product"}],"about":[{"href":"https:\/\/staging.nbg.eu\/no\/wp-json\/wp\/v2\/types\/product"}],"wp:featuredmedia":[{"embeddable":true,"href":"https:\/\/staging.nbg.eu\/no\/wp-json\/wp\/v2\/media\/114888"}],"wp:attachment":[{"href":"https:\/\/staging.nbg.eu\/no\/wp-json\/wp\/v2\/media?parent=140587"}],"wp:term":[{"taxonomy":"product_brand","embeddable":true,"href":"https:\/\/staging.nbg.eu\/no\/wp-json\/wp\/v2\/product_brand?post=140587"},{"taxonomy":"product_cat","embeddable":true,"href":"https:\/\/staging.nbg.eu\/no\/wp-json\/wp\/v2\/product_cat?post=140587"},{"taxonomy":"product_tag","embeddable":true,"href":"https:\/\/staging.nbg.eu\/no\/wp-json\/wp\/v2\/product_tag?post=140587"}],"curies":[{"name":"wp","href":"https:\/\/api.w.org\/{rel}","templated":true}]}}