{"id":137797,"date":"2025-01-04T10:53:28","date_gmt":"2025-01-04T10:53:28","guid":{"rendered":"https:\/\/staging.nbg.eu\/product\/area-419-harris-bipod-adapter\/"},"modified":"2025-01-09T15:58:24","modified_gmt":"2025-01-09T15:58:24","slug":"area-419-harris-benstotte-adapter","status":"publish","type":"product","link":"https:\/\/staging.nbg.eu\/no\/produkt\/area-419-harris-benstotte-adapter\/","title":{"rendered":"Area 419 &#8211; Harris Benst\u00f8tte Adapter"},"content":{"rendered":"<div class=\"product-description\">\n<h2>Area 419 &#8211; Harris Bipod Adapter<\/h2>\n<p>Denne adapteren for Harris Svingbare Bipod er designet for &laquo;S&raquo; (Svingbar) type Harris Bipoder. Adapteren lar deg montere bipodet p\u00e5 ARCALOCK klemmebaser eller Atlas Bipod skinneadaptere.<\/p>\n<ul>\n<li>Erstatter den originale svingbare monteringsplattformen<\/li>\n<li>Kompatibel med fabrikkens strammeskrue eller KMW Pod Loc<\/li>\n<li>Laget av 6061-T6 aluminium<\/li>\n<li>Type III Svart Hardcoat Anodisert overflate<\/li>\n<li>Vekt: 0,09 kg<\/li>\n<li>St\u00f8rrelse: 3,81 \u00d7 3,81 \u00d7 3,81 cm<\/li>\n<\/ul>\n<p><strong>Merk:<\/strong> Bipod og klemme er ikke inkludert. Ikke kompatibel med Barricade Stop.<\/p>\n<\/div>\n","protected":false},"excerpt":{"rendered":"<p>Tilpass Harris Swivel Bipods til ARCALOCK- eller Atlas-skinnesystemer.<\/p>\n","protected":false},"featured_media":117898,"template":"","meta":{"_acf_changed":false},"product_brand":[11046],"product_cat":[13311,13259,13304],"product_tag":[],"class_list":{"0":"post-137797","1":"product","2":"type-product","3":"status-publish","4":"has-post-thumbnail","6":"product_brand-area-419","7":"product_cat-rifle","8":"product_cat-skinner","9":"product_cat-tveibeiner","11":"first","12":"outofstock","13":"taxable","14":"shipping-taxable","15":"purchasable","16":"product-type-simple"},"acf":[],"_links":{"self":[{"href":"https:\/\/staging.nbg.eu\/no\/wp-json\/wp\/v2\/product\/137797","targetHints":{"allow":["GET"]}}],"collection":[{"href":"https:\/\/staging.nbg.eu\/no\/wp-json\/wp\/v2\/product"}],"about":[{"href":"https:\/\/staging.nbg.eu\/no\/wp-json\/wp\/v2\/types\/product"}],"wp:featuredmedia":[{"embeddable":true,"href":"https:\/\/staging.nbg.eu\/no\/wp-json\/wp\/v2\/media\/117898"}],"wp:attachment":[{"href":"https:\/\/staging.nbg.eu\/no\/wp-json\/wp\/v2\/media?parent=137797"}],"wp:term":[{"taxonomy":"product_brand","embeddable":true,"href":"https:\/\/staging.nbg.eu\/no\/wp-json\/wp\/v2\/product_brand?post=137797"},{"taxonomy":"product_cat","embeddable":true,"href":"https:\/\/staging.nbg.eu\/no\/wp-json\/wp\/v2\/product_cat?post=137797"},{"taxonomy":"product_tag","embeddable":true,"href":"https:\/\/staging.nbg.eu\/no\/wp-json\/wp\/v2\/product_tag?post=137797"}],"curies":[{"name":"wp","href":"https:\/\/api.w.org\/{rel}","templated":true}]}}