{"id":137052,"date":"2024-01-30T18:18:15","date_gmt":"2024-01-30T18:18:15","guid":{"rendered":"https:\/\/staging.nbg.eu\/product\/geissele-gfr-6mm-arc-maritime-reconnaissance-18-rifle-ddc\/"},"modified":"2025-01-09T10:23:43","modified_gmt":"2025-01-09T10:23:43","slug":"geissele-gfr-6mm-arc-maritime-reconnaissance-18-rifle-ddc","status":"publish","type":"product","link":"https:\/\/staging.nbg.eu\/no\/produkt\/geissele-gfr-6mm-arc-maritime-reconnaissance-18-rifle-ddc\/","title":{"rendered":"Geissele GFR 6MM ARC Maritime Reconnaissance, 18&#8243;, Rifle \u2013 DDC"},"content":{"rendered":"<div class=\"product-description\">\n<h2>Geissele GFR 6MM ARC Maritime Reconnaissance Rifle &#8211; DDC<\/h2>\n<p>Geissele Freedom Rifle (GFR) 18&#8243; Maritime Reconnaissance Rifle er en AR15-variant.<\/p>\n<h2>Hovedfunksjoner:<\/h2>\n<ul>\n<li>18&#8243; krom-foret, kaldhamret l\u00f8p (1:7,5 vridning)<\/li>\n<li>6MM ARC kaliber<\/li>\n<li>GFR-E avtrekker med Nanoweapon-belegg<\/li>\n<li>Reliability Enhanced Bolt Carrier Group (REBCG) med Nanoweapon-belegg<\/li>\n<li>16,5&#8243; MK16 Super Modular Rail med senterinnrettingsflik<\/li>\n<li>HUXWRX Flash Hider-QD 6MM ARC lyddemperklar munningsenhet<\/li>\n<li>Geissele Super ladeh\u00e5ndtak og Maritime sluttstykkel\u00e5s<\/li>\n<li>Geissele SBS kolbe med fire QD slyngefeste\u00f8yne<\/li>\n<li>Super 42 buffersystem<\/li>\n<li>Desert Dirt Color (DDC) overflate<\/li>\n<\/ul>\n<h2>Tekniske spesifikasjoner:<\/h2>\n<ul>\n<li>Lengde (sammensl\u00e5tt): 91,8 cm<\/li>\n<li>Lengde (utstrakt): 100,0 cm<\/li>\n<li>Vekt: Ca. 3,5 kg<\/li>\n<li>Gassystem: Rifle Length +1<\/li>\n<li>Gassblokk: Antistrike Super Compact gassblokk<\/li>\n<\/ul>\n<p>GFR Maritime Reconnaissance Rifle har Geisseles Nanoweapon-belegg for korrosjons-, slitasje- og skrapemotstand. Denne overflaten gj\u00f8r rengj\u00f8ring enklere og drift mer p\u00e5litelig med minimal sm\u00f8ring.<\/p>\n<\/div>\n","protected":false},"excerpt":{"rendered":"<p>Presisjonskonstruert 18&#8243; 6MM ARC-rifle med avanserte funksjoner for maritim bruk.<\/p>\n","protected":false},"featured_media":81525,"template":"","meta":{"_acf_changed":false},"product_brand":[11384],"product_cat":[13308,13311],"product_tag":[],"class_list":{"0":"post-137052","1":"product","2":"type-product","3":"status-publish","4":"has-post-thumbnail","6":"product_brand-geissele","7":"product_cat-karabiner","8":"product_cat-rifle","10":"first","11":"instock","12":"taxable","13":"shipping-taxable","14":"product-type-simple"},"acf":[],"_links":{"self":[{"href":"https:\/\/staging.nbg.eu\/no\/wp-json\/wp\/v2\/product\/137052","targetHints":{"allow":["GET"]}}],"collection":[{"href":"https:\/\/staging.nbg.eu\/no\/wp-json\/wp\/v2\/product"}],"about":[{"href":"https:\/\/staging.nbg.eu\/no\/wp-json\/wp\/v2\/types\/product"}],"wp:featuredmedia":[{"embeddable":true,"href":"https:\/\/staging.nbg.eu\/no\/wp-json\/wp\/v2\/media\/81525"}],"wp:attachment":[{"href":"https:\/\/staging.nbg.eu\/no\/wp-json\/wp\/v2\/media?parent=137052"}],"wp:term":[{"taxonomy":"product_brand","embeddable":true,"href":"https:\/\/staging.nbg.eu\/no\/wp-json\/wp\/v2\/product_brand?post=137052"},{"taxonomy":"product_cat","embeddable":true,"href":"https:\/\/staging.nbg.eu\/no\/wp-json\/wp\/v2\/product_cat?post=137052"},{"taxonomy":"product_tag","embeddable":true,"href":"https:\/\/staging.nbg.eu\/no\/wp-json\/wp\/v2\/product_tag?post=137052"}],"curies":[{"name":"wp","href":"https:\/\/api.w.org\/{rel}","templated":true}]}}