{"id":134529,"date":"2024-11-26T10:10:26","date_gmt":"2025-01-08T18:00:50","guid":{"rendered":"https:\/\/staging.nbg.eu\/product\/geissele-ak-braided-spring\/"},"modified":"2025-01-08T18:02:37","modified_gmt":"2025-01-08T18:02:37","slug":"geissele-ak-flettet-fjaer","status":"publish","type":"product","link":"https:\/\/staging.nbg.eu\/no\/produkt\/geissele-ak-flettet-fjaer\/","title":{"rendered":"Geissele AK Flettet Fj\u00e6r"},"content":{"rendered":"<div class=\"product-description\">\n<h2>Geissele AK flettet fj\u00e6r<\/h2>\n<p>Oppgrader ditt AK47\/74-plattform gev\u00e6r med ALG AK flettet hovedfj\u00e6r, en erstatning for standard rekylfj\u00e6r. Denne fj\u00e6ren er laget i USA og har f\u00f8lgende egenskaper:<\/p>\n<ul>\n<li>Tre tr\u00e5der av musikktr\u00e5d<\/li>\n<li>Flettet konstruksjon for \u00f8kt holdbarhet<\/li>\n<li>Forbedret syklus og p\u00e5litelighet<\/li>\n<li>Kompatibel med AK47- og AK74-varianter<\/li>\n<\/ul>\n<p>Denne fj\u00e6ren gir jevnere drift og konsistent ytelse. Den flettede designen gir \u00f8kt levetid sammenlignet med tradisjonelle enkelttr\u00e5dfj\u00e6rer. Dette tilbeh\u00f8ret kan forbedre gev\u00e6rets funksjonalitet.<\/p>\n<\/div>\n","protected":false},"excerpt":{"rendered":"<p>Forbedre ytelsen til AK47\/74 med USA-produsert flettet hovedfj\u00e6r.<\/p>\n","protected":false},"featured_media":81105,"template":"","meta":{"_acf_changed":false},"product_brand":[11384],"product_cat":[13245],"product_tag":[],"class_list":{"0":"post-134529","1":"product","2":"type-product","3":"status-publish","4":"has-post-thumbnail","6":"product_brand-geissele","7":"product_cat-ak-tuning","9":"first","10":"instock","11":"taxable","12":"shipping-taxable","13":"product-type-simple"},"acf":[],"_links":{"self":[{"href":"https:\/\/staging.nbg.eu\/no\/wp-json\/wp\/v2\/product\/134529","targetHints":{"allow":["GET"]}}],"collection":[{"href":"https:\/\/staging.nbg.eu\/no\/wp-json\/wp\/v2\/product"}],"about":[{"href":"https:\/\/staging.nbg.eu\/no\/wp-json\/wp\/v2\/types\/product"}],"wp:featuredmedia":[{"embeddable":true,"href":"https:\/\/staging.nbg.eu\/no\/wp-json\/wp\/v2\/media\/81105"}],"wp:attachment":[{"href":"https:\/\/staging.nbg.eu\/no\/wp-json\/wp\/v2\/media?parent=134529"}],"wp:term":[{"taxonomy":"product_brand","embeddable":true,"href":"https:\/\/staging.nbg.eu\/no\/wp-json\/wp\/v2\/product_brand?post=134529"},{"taxonomy":"product_cat","embeddable":true,"href":"https:\/\/staging.nbg.eu\/no\/wp-json\/wp\/v2\/product_cat?post=134529"},{"taxonomy":"product_tag","embeddable":true,"href":"https:\/\/staging.nbg.eu\/no\/wp-json\/wp\/v2\/product_tag?post=134529"}],"curies":[{"name":"wp","href":"https:\/\/api.w.org\/{rel}","templated":true}]}}