{"id":134240,"date":"2024-11-17T08:22:03","date_gmt":"2025-01-08T17:29:25","guid":{"rendered":"https:\/\/staging.nbg.eu\/product\/geissele-ak-recoil-spring\/"},"modified":"2025-01-08T17:31:19","modified_gmt":"2025-01-08T17:31:19","slug":"geissele-ak-rekylfjaer","status":"publish","type":"product","link":"https:\/\/staging.nbg.eu\/no\/produkt\/geissele-ak-rekylfjaer\/","title":{"rendered":"Geissele AK Rekylfj\u00e6r"},"content":{"rendered":"<div class=\"product-description\">\n<h2>Geissele AK Rekylfj\u00e6r<\/h2>\n<p>ALG AK rekylfj\u00e6r for AK-v\u00e5pen. Denne konstruksjonen gir holdbarhet og p\u00e5litelighet for skytev\u00e5penet ditt.<\/p>\n<ul>\n<li>Produsert av krom-silisium st\u00e5l<\/li>\n<li>Motstandsdyktig mot st\u00f8tbelastning og avslapning<\/li>\n<li>2-3 d\u00f8de vindinger i midten<\/li>\n<li>Forhindrer harmonisk skade og opprettholder fri lengde<\/li>\n<\/ul>\n<p>Denne fj\u00e6ren har en design som endrer dens naturlige frekvens, noe som sikrer konsistent ytelse og lang levetid. Denne rekylfj\u00e6ren kan gi forbedret skytestabilitet og redusert slitasje p\u00e5 v\u00e5penet ditt.<\/p>\n<\/div>\n","protected":false},"excerpt":{"rendered":"<p>Geissele AK rekylfj\u00e6r: Holdbar, st\u00f8tbestandig, harmonisk reduserende.<\/p>\n","protected":false},"featured_media":81058,"template":"","meta":{"_acf_changed":false},"product_brand":[11384],"product_cat":[13245],"product_tag":[],"class_list":{"0":"post-134240","1":"product","2":"type-product","3":"status-publish","4":"has-post-thumbnail","6":"product_brand-geissele","7":"product_cat-ak-tuning","9":"first","10":"instock","11":"taxable","12":"shipping-taxable","13":"product-type-simple"},"acf":[],"_links":{"self":[{"href":"https:\/\/staging.nbg.eu\/no\/wp-json\/wp\/v2\/product\/134240","targetHints":{"allow":["GET"]}}],"collection":[{"href":"https:\/\/staging.nbg.eu\/no\/wp-json\/wp\/v2\/product"}],"about":[{"href":"https:\/\/staging.nbg.eu\/no\/wp-json\/wp\/v2\/types\/product"}],"wp:featuredmedia":[{"embeddable":true,"href":"https:\/\/staging.nbg.eu\/no\/wp-json\/wp\/v2\/media\/81058"}],"wp:attachment":[{"href":"https:\/\/staging.nbg.eu\/no\/wp-json\/wp\/v2\/media?parent=134240"}],"wp:term":[{"taxonomy":"product_brand","embeddable":true,"href":"https:\/\/staging.nbg.eu\/no\/wp-json\/wp\/v2\/product_brand?post=134240"},{"taxonomy":"product_cat","embeddable":true,"href":"https:\/\/staging.nbg.eu\/no\/wp-json\/wp\/v2\/product_cat?post=134240"},{"taxonomy":"product_tag","embeddable":true,"href":"https:\/\/staging.nbg.eu\/no\/wp-json\/wp\/v2\/product_tag?post=134240"}],"curies":[{"name":"wp","href":"https:\/\/api.w.org\/{rel}","templated":true}]}}