{"id":134111,"date":"2024-11-27T16:45:20","date_gmt":"2025-01-08T17:18:08","guid":{"rendered":"https:\/\/staging.nbg.eu\/product\/area-419-remington-700-short-action-improved-scope-rail-isr-sa\/"},"modified":"2025-01-08T17:20:04","modified_gmt":"2025-01-08T17:20:04","slug":"area-419-remington-700-short-action-forbedret-siktefeste-isr-sa","status":"publish","type":"product","link":"https:\/\/staging.nbg.eu\/no\/produkt\/area-419-remington-700-short-action-forbedret-siktefeste-isr-sa\/","title":{"rendered":"Area 419 &#8211; Remington 700 Short Action Forbedret Siktefeste (ISR-SA)"},"content":{"rendered":"<div class=\"product-description\">\n<h2>Area 419 &#8211; Remington 700 kort aksjon forbedret kikkertfeste (ISR-SA)<\/h2>\n<p>Area 419 ISR-SA er et kikkertfeste for Remington 700 kort aksjon rifler. Laget av 7075 aluminium, har dette festet f\u00f8lgende egenskaper:<\/p>\n<ul>\n<li>Integrert maskinert rekylstopper for \u00f8kt stabilitet<\/li>\n<li>Tilgjengelig i full slisset og ARC topp versjoner<\/li>\n<li>Kompatibel med #6 og #8 skruer (inkludert)<\/li>\n<li>1:1 overflatebearbeiding for perfekt passform<\/li>\n<li>MIL-STD-1913 kompatibel<\/li>\n<li>Type III hardcoat svart anodisert overflate<\/li>\n<li>S\u00f8ml\u00f8st utkast\u00e5pning for enkel topplading<\/li>\n<\/ul>\n<p>Velg mellom 20 MOA og 30 MOA alternativer. Vekt: 0,09 kg. Dimensjoner: 21 \u00d7 2,5 \u00d7 2,5 cm. For Remington 700.<\/p>\n<\/div>\n","protected":false},"excerpt":{"rendered":"<p>Presisjonsprodusert 7075 Al kikkertfeste for Remington 700 SA<\/p>\n","protected":false},"featured_media":108109,"template":"","meta":{"_acf_changed":false},"product_brand":[11046],"product_cat":[13311,13259],"product_tag":[],"class_list":{"0":"post-134111","1":"product","2":"type-product","3":"status-publish","4":"has-post-thumbnail","6":"product_brand-area-419","7":"product_cat-rifle","8":"product_cat-skinner","10":"first","11":"instock","12":"taxable","13":"shipping-taxable","14":"purchasable","15":"product-type-variable","16":"wvs-archive-product-wrapper"},"acf":[],"_links":{"self":[{"href":"https:\/\/staging.nbg.eu\/no\/wp-json\/wp\/v2\/product\/134111","targetHints":{"allow":["GET"]}}],"collection":[{"href":"https:\/\/staging.nbg.eu\/no\/wp-json\/wp\/v2\/product"}],"about":[{"href":"https:\/\/staging.nbg.eu\/no\/wp-json\/wp\/v2\/types\/product"}],"wp:featuredmedia":[{"embeddable":true,"href":"https:\/\/staging.nbg.eu\/no\/wp-json\/wp\/v2\/media\/108109"}],"wp:attachment":[{"href":"https:\/\/staging.nbg.eu\/no\/wp-json\/wp\/v2\/media?parent=134111"}],"wp:term":[{"taxonomy":"product_brand","embeddable":true,"href":"https:\/\/staging.nbg.eu\/no\/wp-json\/wp\/v2\/product_brand?post=134111"},{"taxonomy":"product_cat","embeddable":true,"href":"https:\/\/staging.nbg.eu\/no\/wp-json\/wp\/v2\/product_cat?post=134111"},{"taxonomy":"product_tag","embeddable":true,"href":"https:\/\/staging.nbg.eu\/no\/wp-json\/wp\/v2\/product_tag?post=134111"}],"curies":[{"name":"wp","href":"https:\/\/api.w.org\/{rel}","templated":true}]}}