{"id":129784,"date":"2024-01-30T18:11:57","date_gmt":"2025-01-07T12:20:52","guid":{"rendered":"https:\/\/staging.nbg.eu\/product\/area-419-tactical-one-piece-scope-mount\/"},"modified":"2025-01-07T12:22:55","modified_gmt":"2025-01-07T12:22:55","slug":"area-419-tactical-ensdels-siktemontasje","status":"publish","type":"product","link":"https:\/\/staging.nbg.eu\/no\/produkt\/area-419-tactical-ensdels-siktemontasje\/","title":{"rendered":"Area 419 Tactical Ensdels Siktemontasje"},"content":{"rendered":"<div class=\"product-description\">\n<h2>Area 419 Taktisk Ettdelt Kikkertsikte-feste<\/h2>\n<p>Dette kikkertsikte-festet har ringer som er tilpasset borehullet og innvendige deler av r\u00e5 aluminium. Dette gir godt grep p\u00e5 optikken uten un\u00f8dvendig vekt.<\/p>\n<ul>\n<li>CNC-frest i USA av 7075 aluminium<\/li>\n<li>R\u00e5 aluminium, presisjonborede kontaktflater for kikkertsikte<\/li>\n<li>Flere festepunkter for tilbeh\u00f8r<\/li>\n<li>Separate klemstenger for skinnen for maksimalt grep<\/li>\n<li>St\u00e5lf\u00f8ringspinner for innretting<\/li>\n<li>Tilpasset nitrert rustfritt st\u00e5l-utstyr<\/li>\n<li>Patentanmeldt ultra-stiv festemekanisme for tilbeh\u00f8r p\u00e5 toppen<\/li>\n<\/ul>\n<p>Tilgjengelig i forskjellige r\u00f8rdiametre og h\u00f8yder, med 0 MOA eller 20 MOA helningsalternativer. Vekt: 0,68 kg. M\u00e5l: 24,1 \u00d7 14,7 \u00d7 7,1 cm.<\/p>\n<\/div>\n","protected":false},"excerpt":{"rendered":"<p>Presisjonsboret, ultra-stiv kikkertmontering for uovertruffen p\u00e5litelighet.<\/p>\n","protected":false},"featured_media":108371,"template":"","meta":{"_acf_changed":false},"product_brand":[11046],"product_cat":[13287],"product_tag":[],"class_list":{"0":"post-129784","1":"product","2":"type-product","3":"status-publish","4":"has-post-thumbnail","6":"product_brand-area-419","7":"product_cat-sikting","9":"first","10":"instock","11":"taxable","12":"shipping-taxable","13":"purchasable","14":"product-type-variable","15":"wvs-archive-product-wrapper"},"acf":[],"_links":{"self":[{"href":"https:\/\/staging.nbg.eu\/no\/wp-json\/wp\/v2\/product\/129784","targetHints":{"allow":["GET"]}}],"collection":[{"href":"https:\/\/staging.nbg.eu\/no\/wp-json\/wp\/v2\/product"}],"about":[{"href":"https:\/\/staging.nbg.eu\/no\/wp-json\/wp\/v2\/types\/product"}],"wp:featuredmedia":[{"embeddable":true,"href":"https:\/\/staging.nbg.eu\/no\/wp-json\/wp\/v2\/media\/108371"}],"wp:attachment":[{"href":"https:\/\/staging.nbg.eu\/no\/wp-json\/wp\/v2\/media?parent=129784"}],"wp:term":[{"taxonomy":"product_brand","embeddable":true,"href":"https:\/\/staging.nbg.eu\/no\/wp-json\/wp\/v2\/product_brand?post=129784"},{"taxonomy":"product_cat","embeddable":true,"href":"https:\/\/staging.nbg.eu\/no\/wp-json\/wp\/v2\/product_cat?post=129784"},{"taxonomy":"product_tag","embeddable":true,"href":"https:\/\/staging.nbg.eu\/no\/wp-json\/wp\/v2\/product_tag?post=129784"}],"curies":[{"name":"wp","href":"https:\/\/api.w.org\/{rel}","templated":true}]}}